{"id":12288,"date":"2021-03-03T22:21:30","date_gmt":"2021-03-03T21:21:30","guid":{"rendered":"http:\/\/hronekpartners.cz\/?page_id=12288"},"modified":"2021-06-13T21:49:18","modified_gmt":"2021-06-13T19:49:18","slug":"pronajem-nemovitosti","status":"publish","type":"page","link":"https:\/\/hronekpartners.cz\/vi\/poradenstvi\/pronajem-nemovitosti\/","title":{"rendered":"Cho thu\u00ea b\u1ea5t \u0111\u1ed9ng s\u1ea3n"},"content":{"rendered":"<div class=\"row\"><div class=\"wpv-grid grid-1-4  wpv-first-level first unextended\" style=\"padding-top:0px;padding-bottom:0px\" id=\"wpv-column-1f9ab06ec8c7e250a73b6e2e85f10d61\" ><p>\t\t<div data-elementor-type=\"section\" data-elementor-id=\"12013\" class=\"elementor elementor-12013\" data-elementor-settings=\"[]\">\n\t\t<div class=\"elementor-section-wrap\">\n\t\t\t\t\t<section class=\"elementor-section elementor-top-section elementor-element elementor-element-7f1deb2 elementor-section-boxed elementor-section-height-default elementor-section-height-default\" data-id=\"7f1deb2\" data-element_type=\"section\">\n\t\t\t\t\t\t<div class=\"elementor-container elementor-column-gap-default\">\n\t\t\t\t\t\t\t<div class=\"elementor-row\">\n\t\t\t\t\t<div class=\"elementor-column elementor-col-100 elementor-top-column elementor-element elementor-element-cec04e8\" data-id=\"cec04e8\" data-element_type=\"column\">\n\t\t\t<div class=\"elementor-column-wrap elementor-element-populated\">\n\t\t\t\t\t\t\t<div class=\"elementor-widget-wrap\">\n\t\t\t\t\t\t<div class=\"elementor-element elementor-element-3644a81 elementor-widget elementor-widget-text-editor\" data-id=\"3644a81\" data-element_type=\"widget\" data-widget_type=\"text-editor.default\">\n\t\t\t\t<div class=\"elementor-widget-container\">\n\t\t\t\t\t<div class=\"elementor-text-editor elementor-clearfix\"><p>Slu\u017eby<\/p><\/div>\n\t\t\t\t<\/div>\n\t\t\t\t<\/div>\n\t\t\t\t<div class=\"elementor-element elementor-element-573b635 elementor-widget-divider--view-line elementor-widget elementor-widget-divider\" data-id=\"573b635\" data-element_type=\"widget\" data-widget_type=\"divider.default\">\n\t\t\t\t<div class=\"elementor-widget-container\">\n\t\t\t\t\t<div class=\"elementor-divider\">\n\t\t\t<span class=\"elementor-divider-separator\">\n\t\t\t\t\t\t<\/span>\n\t\t<\/div>\n\t\t\t\t<\/div>\n\t\t\t\t<\/div>\n\t\t\t\t<div class=\"elementor-element elementor-element-b63477a elementor-mobile-align-center elementor-widget elementor-widget-button\" data-id=\"b63477a\" data-element_type=\"widget\" data-widget_type=\"button.default\">\n\t\t\t\t<div class=\"elementor-widget-container\">\n\t\t\t\t\t<div class=\"elementor-button-wrapper\">\n\t\t\t<a href=\"https:\/\/hronekpartners.cz\/vi\/poradenstvi\/prodej-nemovitosti\/\" class=\"elementor-button-link elementor-button elementor-size-sm\" role=\"button\">\n\t\t\t\t\t\t<span class=\"elementor-button-content-wrapper\">\n\t\t\t\t\t\t<span class=\"elementor-button-text\">B\u00e1n b\u1ea5t \u0111\u1ed9ng s\u1ea3n<\/span>\n\t\t<\/span>\n\t\t\t\t\t<\/a>\n\t\t<\/div>\n\t\t\t\t<\/div>\n\t\t\t\t<\/div>\n\t\t\t\t<div class=\"elementor-element elementor-element-7e6f13e elementor-widget-divider--view-line elementor-widget elementor-widget-divider\" data-id=\"7e6f13e\" data-element_type=\"widget\" data-widget_type=\"divider.default\">\n\t\t\t\t<div class=\"elementor-widget-container\">\n\t\t\t\t\t<div class=\"elementor-divider\">\n\t\t\t<span class=\"elementor-divider-separator\">\n\t\t\t\t\t\t<\/span>\n\t\t<\/div>\n\t\t\t\t<\/div>\n\t\t\t\t<\/div>\n\t\t\t\t<div class=\"elementor-element elementor-element-2af9099 elementor-widget elementor-widget-spacer\" data-id=\"2af9099\" data-element_type=\"widget\" data-widget_type=\"spacer.default\">\n\t\t\t\t<div class=\"elementor-widget-container\">\n\t\t\t\t\t<div class=\"elementor-spacer\">\n\t\t\t<div class=\"elementor-spacer-inner\"><\/div>\n\t\t<\/div>\n\t\t\t\t<\/div>\n\t\t\t\t<\/div>\n\t\t\t\t<div class=\"elementor-element elementor-element-45b2a5b elementor-mobile-align-center elementor-align-left elementor-widget elementor-widget-button\" data-id=\"45b2a5b\" data-element_type=\"widget\" data-widget_type=\"button.default\">\n\t\t\t\t<div class=\"elementor-widget-container\">\n\t\t\t\t\t<div class=\"elementor-button-wrapper\">\n\t\t\t<a href=\"https:\/\/hronekpartners.cz\/vi\/poradenstvi\/investice-do-nemovitosti\/\" class=\"elementor-button-link elementor-button elementor-size-sm\" role=\"button\">\n\t\t\t\t\t\t<span class=\"elementor-button-content-wrapper\">\n\t\t\t\t\t\t<span class=\"elementor-button-text\">\u0110\u1ea7u t\u01b0 v\u00e0o b\u1ea5t \u0111\u1ed9ng s\u1ea3n<\/span>\n\t\t<\/span>\n\t\t\t\t\t<\/a>\n\t\t<\/div>\n\t\t\t\t<\/div>\n\t\t\t\t<\/div>\n\t\t\t\t<div class=\"elementor-element elementor-element-df23d36 elementor-widget-divider--view-line elementor-widget elementor-widget-divider\" data-id=\"df23d36\" data-element_type=\"widget\" data-widget_type=\"divider.default\">\n\t\t\t\t<div class=\"elementor-widget-container\">\n\t\t\t\t\t<div class=\"elementor-divider\">\n\t\t\t<span class=\"elementor-divider-separator\">\n\t\t\t\t\t\t<\/span>\n\t\t<\/div>\n\t\t\t\t<\/div>\n\t\t\t\t<\/div>\n\t\t\t\t<div class=\"elementor-element elementor-element-5e12378 elementor-mobile-align-center elementor-align-left elementor-widget elementor-widget-button\" data-id=\"5e12378\" data-element_type=\"widget\" data-widget_type=\"button.default\">\n\t\t\t\t<div class=\"elementor-widget-container\">\n\t\t\t\t\t<div class=\"elementor-button-wrapper\">\n\t\t\t<a href=\"https:\/\/hronekpartners.cz\/vi\/poradenstvi\/pronajem-nemovitosti\/\" class=\"elementor-button-link elementor-button elementor-size-sm\" role=\"button\">\n\t\t\t\t\t\t<span class=\"elementor-button-content-wrapper\">\n\t\t\t\t\t\t<span class=\"elementor-button-text\">Cho thu\u00ea b\u1ea5t \u0111\u1ed9ng s\u1ea3n<\/span>\n\t\t<\/span>\n\t\t\t\t\t<\/a>\n\t\t<\/div>\n\t\t\t\t<\/div>\n\t\t\t\t<\/div>\n\t\t\t\t<div class=\"elementor-element elementor-element-70687fe elementor-widget-divider--view-line elementor-widget elementor-widget-divider\" data-id=\"70687fe\" data-element_type=\"widget\" data-widget_type=\"divider.default\">\n\t\t\t\t<div class=\"elementor-widget-container\">\n\t\t\t\t\t<div class=\"elementor-divider\">\n\t\t\t<span class=\"elementor-divider-separator\">\n\t\t\t\t\t\t<\/span>\n\t\t<\/div>\n\t\t\t\t<\/div>\n\t\t\t\t<\/div>\n\t\t\t\t<div class=\"elementor-element elementor-element-f53455b elementor-mobile-align-center elementor-align-left elementor-widget elementor-widget-button\" data-id=\"f53455b\" data-element_type=\"widget\" data-widget_type=\"button.default\">\n\t\t\t\t<div class=\"elementor-widget-container\">\n\t\t\t\t\t<div class=\"elementor-button-wrapper\">\n\t\t\t<a href=\"https:\/\/hronekpartners.cz\/vi\/poradenstvi\/developerske-projekty\/\" class=\"elementor-button-link elementor-button elementor-size-sm\" role=\"button\">\n\t\t\t\t\t\t<span class=\"elementor-button-content-wrapper\">\n\t\t\t\t\t\t<span class=\"elementor-button-text\">C\u00e1c d\u1ef1 \u00e1n ph\u00e1t tri\u1ec3n<\/span>\n\t\t<\/span>\n\t\t\t\t\t<\/a>\n\t\t<\/div>\n\t\t\t\t<\/div>\n\t\t\t\t<\/div>\n\t\t\t\t<div class=\"elementor-element elementor-element-eb5382d elementor-widget-divider--view-line elementor-widget elementor-widget-divider\" data-id=\"eb5382d\" data-element_type=\"widget\" data-widget_type=\"divider.default\">\n\t\t\t\t<div class=\"elementor-widget-container\">\n\t\t\t\t\t<div class=\"elementor-divider\">\n\t\t\t<span class=\"elementor-divider-separator\">\n\t\t\t\t\t\t<\/span>\n\t\t<\/div>\n\t\t\t\t<\/div>\n\t\t\t\t<\/div>\n\t\t\t\t<div class=\"elementor-element elementor-element-06b3103 elementor-mobile-align-center elementor-align-left elementor-widget elementor-widget-button\" data-id=\"06b3103\" data-element_type=\"widget\" data-widget_type=\"button.default\">\n\t\t\t\t<div class=\"elementor-widget-container\">\n\t\t\t\t\t<div class=\"elementor-button-wrapper\">\n\t\t\t<a href=\"https:\/\/hronekpartners.cz\/vi\/poradenstvi\/financovani-nemovitostnich-projektu\/\" class=\"elementor-button-link elementor-button elementor-size-sm\" role=\"button\">\n\t\t\t\t\t\t<span class=\"elementor-button-content-wrapper\">\n\t\t\t\t\t\t<span class=\"elementor-button-text\">\u0110\u1ea7u t\u01b0 t\u00e0i ch\u00ednh v\u00e0o c\u00e1c d\u1ef1 \u00e1n b\u1ea5t \u0111\u1ed9ng s\u1ea3n<\/span>\n\t\t<\/span>\n\t\t\t\t\t<\/a>\n\t\t<\/div>\n\t\t\t\t<\/div>\n\t\t\t\t<\/div>\n\t\t\t\t<div class=\"elementor-element elementor-element-4972234 elementor-widget-divider--view-line elementor-widget elementor-widget-divider\" data-id=\"4972234\" data-element_type=\"widget\" data-widget_type=\"divider.default\">\n\t\t\t\t<div class=\"elementor-widget-container\">\n\t\t\t\t\t<div class=\"elementor-divider\">\n\t\t\t<span class=\"elementor-divider-separator\">\n\t\t\t\t\t\t<\/span>\n\t\t<\/div>\n\t\t\t\t<\/div>\n\t\t\t\t<\/div>\n\t\t\t\t<div class=\"elementor-element elementor-element-f68bbd7 elementor-mobile-align-center elementor-align-left elementor-widget elementor-widget-button\" data-id=\"f68bbd7\" data-element_type=\"widget\" data-widget_type=\"button.default\">\n\t\t\t\t<div class=\"elementor-widget-container\">\n\t\t\t\t\t<div class=\"elementor-button-wrapper\">\n\t\t\t<a href=\"https:\/\/hronekpartners.cz\/vi\/poradenstvi\/sluzby-pro-najemce\/\" class=\"elementor-button-link elementor-button elementor-size-sm\" role=\"button\">\n\t\t\t\t\t\t<span class=\"elementor-button-content-wrapper\">\n\t\t\t\t\t\t<span class=\"elementor-button-text\">D\u1ecbch v\u1ee5 cho ng\u01b0\u1eddi thu\u00ea<\/span>\n\t\t<\/span>\n\t\t\t\t\t<\/a>\n\t\t<\/div>\n\t\t\t\t<\/div>\n\t\t\t\t<\/div>\n\t\t\t\t\t\t<\/div>\n\t\t\t\t\t<\/div>\n\t\t<\/div>\n\t\t\t\t\t\t\t\t<\/div>\n\t\t\t\t\t<\/div>\n\t\t<\/section>\n\t\t\t\t<\/div>\n\t\t<\/div>\n\t\t<\/div>\n<div class=\"wpv-grid grid-1-2  wpv-first-level unextended\" style=\"padding-top:0px;padding-bottom:0px\" id=\"wpv-column-9db3d5b11c7796376dc484b6e7905c0f\" ><div class=\"elementor-text-editor elementor-clearfix\">\n<p>V\u0161em vlastn\u00edk\u016f nemovitost\u00ed maj\u00edc\u00edch z\u00e1jem pronajmout svou komer\u010dn\u00ed \u010di reziden\u010dn\u00ed nemovitost jsme p\u0159ipraveni zajistit rychl\u00e9 obsazen\u00ed jejich prostor bonitn\u00edmi n\u00e1jemci. Na z\u00e1klad\u011b na\u0161\u00ed odborn\u00e9 znalosti trhu nastav\u00edme ve spolupr\u00e1ci s vlastn\u00edkem dot\u010den\u00fdch prostor nejvy\u0161\u0161\u00ed mo\u017enou v\u00fd\u0161i n\u00e1jemn\u00e9ho. D\u00edky na\u0161emu komplexn\u00edmu odborn\u00e9mu poradenstv\u00ed z\u00e1rove\u0148 zajist\u00edme na\u0161\u00edm klient\u016fm i \u00fasporu jejich \u010dasov\u00e9ho fondu. Nejefektivn\u011bj\u0161\u00ed spolupr\u00e1ce v\u017edy doc\u00edl\u00edme p\u0159i dlouhodob\u00e9m partnerstv\u00ed. Proto pro vlastn\u00edky poskytujeme i dal\u0161\u00ed odborn\u00e9 slu\u017eby.<\/p>\n<p><strong>Komplexn\u00ed slu\u017eby pro klienty pronaj\u00edmaj\u00edc\u00ed svou nemovitost se skl\u00e1daj\u00ed p\u0159edev\u0161\u00edm z:<\/strong><\/p>\n<ul>\n<li style=\"list-style-type: none;\">\n<ul>\n<li>Konzultace Va\u0161eho z\u00e1m\u011bru pronajmout Va\u0161i nemovitost<\/li>\n<li>Detailn\u00edho sezn\u00e1men\u00ed se s pronaj\u00edman\u00fdm prostorem<\/li>\n<li>Anal\u00fdzu nastaven\u00ed cenov\u00e9 hladiny konkuren\u010dn\u00edch projekt\u016f<\/li>\n<li>Kvalifikovan\u00e9ho odhadu v\u00fd\u0161e n\u00e1jemn\u00e9ho<\/li>\n<li>N\u00e1vrh opat\u0159en\u00ed navy\u0161uj\u00edc\u00edch v\u00fd\u0161i n\u00e1jemn\u00e9ho<\/li>\n<li>Kolektivizace pot\u0159ebn\u00fdch dokument\u016f<\/li>\n<li>Zpracov\u00e1n\u00ed informa\u010dn\u00edho memoranda<\/li>\n<li>Vyspecifikov\u00e1n\u00ed d\u016fv\u011brn\u00fdch informac\u00ed a jejich ochrany<\/li>\n<li>Anal\u00fdzu trhu a vhodn\u00fdch n\u00e1jemc\u016f<\/li>\n<li>P\u0159edstaven\u00ed p\u0159\u00edle\u017eitosti pron\u00e1jmu vhodn\u00fdm n\u00e1jemc\u016fm<\/li>\n<li>P\u0159edstaven\u00ed p\u0159\u00edle\u017eitosti pron\u00e1jmu na\u0161\u00edm partner\u016fm<\/li>\n<li>Koordinace prohl\u00eddek objektu dle mo\u017enost\u00ed klienta<\/li>\n<li>Dosa\u017een\u00ed nejvy\u0161\u0161\u00ed mo\u017en\u00e9 v\u00fd\u0161e n\u00e1jemn\u00e9ho<\/li>\n<li>P\u0159\u00edprava n\u00e1vrhu zn\u011bn\u00ed smluvn\u00ed dokumentace<\/li>\n<li>Zaji\u0161t\u011bn\u00ed p\u0159ed\u00e1n\u00ed prostor<\/li>\n<li>Mo\u017en\u00e1 spr\u00e1vy nemovitosti<\/li>\n<\/ul>\n<\/li>\n<\/ul>\n<p><strong>V p\u0159\u00edpad\u011b realizace pron\u00e1jmu jako ve\u0159ejn\u00e9ho, d\u00e1le tak\u00e9 i:<\/strong><span style=\"color: #7c7f82; font-family: Georgia, serif;\">\u00a0<\/span><\/p>\n<ul>\n<li style=\"list-style-type: none;\">\n<ul>\n<li>Napl\u00e1nov\u00e1n\u00ed marketingov\u00e9 strategie<\/li>\n<li>Inzerce a koordinace marketingov\u00e9 kampan\u011b<\/li>\n<\/ul>\n<\/li>\n<\/ul>\n<div><span style=\"color: #7c7f82; font-family: Georgia, serif;\">\u00a0<\/span><\/div>\n<\/div><\/div>\n<div class=\"wpv-grid grid-1-4  wpv-first-level unextended\" style=\"padding-top:0px;padding-bottom:0px\" id=\"wpv-column-df9c4ba89eee6f945b216b497ce0b279\" ><p>\t\t<div data-elementor-type=\"section\" data-elementor-id=\"12017\" class=\"elementor elementor-12017\" data-elementor-settings=\"[]\">\n\t\t<div class=\"elementor-section-wrap\">\n\t\t\t\t\t<section class=\"elementor-section elementor-top-section elementor-element elementor-element-5bc9a34 elementor-section-boxed elementor-section-height-default elementor-section-height-default\" data-id=\"5bc9a34\" data-element_type=\"section\">\n\t\t\t\t\t\t<div class=\"elementor-container elementor-column-gap-default\">\n\t\t\t\t\t\t\t<div class=\"elementor-row\">\n\t\t\t\t\t<div class=\"elementor-column elementor-col-50 elementor-top-column elementor-element elementor-element-0ca313b\" data-id=\"0ca313b\" data-element_type=\"column\">\n\t\t\t<div class=\"elementor-column-wrap\">\n\t\t\t\t\t\t\t<div class=\"elementor-widget-wrap\">\n\t\t\t\t\t\t\t\t<\/div>\n\t\t\t\t\t<\/div>\n\t\t<\/div>\n\t\t\t\t<div class=\"elementor-column elementor-col-50 elementor-top-column elementor-element elementor-element-84c5a16\" data-id=\"84c5a16\" data-element_type=\"column\">\n\t\t\t<div class=\"elementor-column-wrap elementor-element-populated\">\n\t\t\t\t\t\t\t<div class=\"elementor-widget-wrap\">\n\t\t\t\t\t\t<div class=\"elementor-element elementor-element-f93e4e2 elementor-widget elementor-widget-html\" data-id=\"f93e4e2\" data-element_type=\"widget\" data-widget_type=\"html.default\">\n\t\t\t\t<div class=\"elementor-widget-container\">\n\t\t\t\r\n\r\n<h4 style=\"padding-left: 15px; padding-top: 20px;\">KL\u00cd\u010cOV\u00dd KONTAKT<\/h4>\r\n<p style=\"padding-left: 15px;\"><strong>Jan Hronek<\/strong> <br><br>Tel: +420 777 800 746 <br>\r\n<a href=\"mailto:support@vamtam.com\">jan@hronekpartners.cz<\/a><\/p>\r\n<p style=\"padding-left: 15px;\"\r\n\r\n<p><a href=\"https:\/\/www.linkedin.com\/in\/jan-hronek\/\"><span class=\"icon shortcode theme  use-hover\" style=\"font-size:16px !important;color:#CCA876;\">\ue618<\/span><\/a>\r\n<\/p>\r\n\r\n\t\t<\/div>\n\t\t\t\t<\/div>\n\t\t\t\t\t\t<\/div>\n\t\t\t\t\t<\/div>\n\t\t<\/div>\n\t\t\t\t\t\t\t\t<\/div>\n\t\t\t\t\t<\/div>\n\t\t<\/section>\n\t\t\t\t<\/div>\n\t\t<\/div>\n\t\t<\/div><\/div>\n<div class=\"push\" style='height:40px'><\/div>\n<div class=\"row\"><div class=\"wpv-grid grid-1-1  wpv-first-level parallax-bg first extended\" style=\"padding-top:0px;padding-bottom:50px\" id=\"REQUEST-CONSULTATION\"  data-parallax-method=\"to-centre\" data-parallax-inertia=\"-0.2\"><div class=\"extended-column-inner\">\t\t<h2 class=\"text-divider-double\">\t\t\t\nH\u00c3Y LI\u00caN H\u1ec6 V\u1edaI CH\u00daNG T\u00d4I\t\t<\/h2>\t\t<div class=\"sep\"><\/div>\t\n<div class=\"row\"><div class=\"wpv-grid grid-1-1  first unextended\" style=\"padding-top:0px;padding-bottom:0px\" id=\"wpv-column-35ab8e6ad26ac7b33067b132694a9c83\" ><div class=\"push\" style='margin-bottom:-20px'><\/div>\n<p style=\"text-align: center;\"><span class=\"vamtam-font-style-2 accent-4\">Napi\u0161te n\u00e1m a domluvte si osobn\u00ed konzultaci. <\/span><\/p>\n<div class=\"push\" style='height:20px'><\/div><\/div><\/div>\n<div class=\"row\"><div class=\"wpv-grid grid-1-1  first unextended\" style=\"padding-top:0px;padding-bottom:0px\" id=\"wpv-column-a3ef3fd7d6004b8aa0baa144cbdd4dd1\" ><p><div role=\"form\" class=\"wpcf7\" id=\"wpcf7-f9392-o1\" lang=\"en-US\" dir=\"ltr\">\n<div class=\"screen-reader-response\"><p role=\"status\" aria-live=\"polite\" aria-atomic=\"true\"><\/p> <ul><\/ul><\/div>\n<form action=\"\/vi\/wp-json\/wp\/v2\/pages\/12288#wpcf7-f9392-o1\" method=\"post\" class=\"wpcf7-form init\" novalidate=\"novalidate\" data-status=\"init\" data-trp-original-action=\"\/vi\/wp-json\/wp\/v2\/pages\/12288#wpcf7-f9392-o1\">\n<div style=\"display: none;\">\n<input type=\"hidden\" name=\"_wpcf7\" value=\"9392\" \/>\n<input type=\"hidden\" name=\"_wpcf7_version\" value=\"5.4\" \/>\n<input type=\"hidden\" name=\"_wpcf7_locale\" value=\"en_US\" \/>\n<input type=\"hidden\" name=\"_wpcf7_unit_tag\" value=\"wpcf7-f9392-o1\" \/>\n<input type=\"hidden\" name=\"_wpcf7_container_post\" value=\"0\" \/>\n<input type=\"hidden\" name=\"_wpcf7_posted_data_hash\" value=\"\" \/>\n<\/div>\n<div class=\"vamtam-rsvp-form\">\n<div class=\"row\">\n<div class=\"grid-1-3\">\n\t\t\t<span class=\"wpcf7-form-control-wrap your-name\"><input type=\"text\" name=\"your-name\" value=\"\" size=\"40\" class=\"wpcf7-form-control wpcf7-text wpcf7-validates-as-required\" id=\"your-name\" aria-required=\"true\" aria-invalid=\"false\" placeholder=\"T\u00ean v\u00e0 H\u1ecd\" \/><\/span>\n\t\t<\/div>\n<div class=\"grid-1-3\">\n\t\t\t<span class=\"wpcf7-form-control-wrap Phone\"><input type=\"text\" name=\"Phone\" value=\"\" size=\"40\" class=\"wpcf7-form-control wpcf7-text wpcf7-validates-as-required\" id=\"Phone\" aria-required=\"true\" aria-invalid=\"false\" placeholder=\"\u0110i\u1ec7n tho\u1ea1i\" \/><\/span>\n\t\t<\/div>\n<div class=\"grid-1-3\">\n\t\t\t<span class=\"wpcf7-form-control-wrap email\"><input type=\"text\" name=\"email\" value=\"\" size=\"40\" class=\"wpcf7-form-control wpcf7-text wpcf7-validates-as-required\" id=\"email\" aria-required=\"true\" aria-invalid=\"false\" placeholder=\"\u0110\u1ecba ch\u1ec9 E-mail\" \/><\/span>\n\t\t<\/div>\n<div class=\"grid-1-1\">\n\t\t\t<span class=\"wpcf7-form-control-wrap our-message\"><textarea name=\"our-message\" cols=\"40\" rows=\"5\" class=\"wpcf7-form-control wpcf7-textarea wpcf7-validates-as-required\" id=\"message\" aria-required=\"true\" aria-invalid=\"false\" placeholder=\"N\u1ed9i dung tin t\u1ee9c\"><\/textarea><\/span>\n\t\t<\/div>\n<\/div>\n<div style= \"text-align: center;\"><input type=\"submit\" value=\"G\u1eedi \u0111i \u2192\" class=\"wpcf7-form-control wpcf7-submit\" \/><\/div>\n<\/div>\n<div class=\"wpcf7-response-output\" aria-hidden=\"true\"><\/div><input type=\"hidden\" name=\"trp-form-language\" value=\"vi\"\/><\/form><\/div><\/div><\/div><\/div><\/div><\/div>","protected":false},"excerpt":{"rendered":"<p>V\u0161em vlastn\u00edk\u016f nemovitost\u00ed maj\u00edc\u00edch z\u00e1jem pronajmout svou komer\u010dn\u00ed \u010di reziden\u010dn\u00ed nemovitost jsme p\u0159ipraveni zajistit rychl\u00e9 obsazen\u00ed jejich prostor bonitn\u00edmi n\u00e1jemci. Na z\u00e1klad\u011b na\u0161\u00ed odborn\u00e9 znalosti trhu nastav\u00edme ve spolupr\u00e1ci s vlastn\u00edkem dot\u010den\u00fdch prostor nejvy\u0161\u0161\u00ed mo\u017enou v\u00fd\u0161i n\u00e1jemn\u00e9ho. D\u00edky na\u0161emu komplexn\u00edmu odborn\u00e9mu poradenstv\u00ed z\u00e1rove\u0148 zajist\u00edme na\u0161\u00edm klient\u016fm i \u00fasporu jejich \u010dasov\u00e9ho fondu. Nejefektivn\u011bj\u0161\u00ed spolupr\u00e1ce v\u017edy doc\u00edl\u00edme&#8230;<\/p>","protected":false},"author":1,"featured_media":0,"parent":7956,"menu_order":0,"comment_status":"closed","ping_status":"closed","template":"","meta":[],"_links":{"self":[{"href":"https:\/\/hronekpartners.cz\/vi\/wp-json\/wp\/v2\/pages\/12288"}],"collection":[{"href":"https:\/\/hronekpartners.cz\/vi\/wp-json\/wp\/v2\/pages"}],"about":[{"href":"https:\/\/hronekpartners.cz\/vi\/wp-json\/wp\/v2\/types\/page"}],"author":[{"embeddable":true,"href":"https:\/\/hronekpartners.cz\/vi\/wp-json\/wp\/v2\/users\/1"}],"replies":[{"embeddable":true,"href":"https:\/\/hronekpartners.cz\/vi\/wp-json\/wp\/v2\/comments?post=12288"}],"version-history":[{"count":2,"href":"https:\/\/hronekpartners.cz\/vi\/wp-json\/wp\/v2\/pages\/12288\/revisions"}],"predecessor-version":[{"id":12656,"href":"https:\/\/hronekpartners.cz\/vi\/wp-json\/wp\/v2\/pages\/12288\/revisions\/12656"}],"up":[{"embeddable":true,"href":"https:\/\/hronekpartners.cz\/vi\/wp-json\/wp\/v2\/pages\/7956"}],"wp:attachment":[{"href":"https:\/\/hronekpartners.cz\/vi\/wp-json\/wp\/v2\/media?parent=12288"}],"curies":[{"name":"wp","href":"https:\/\/api.w.org\/{rel}","templated":true}]}}