{"id":12151,"date":"2021-02-26T14:29:40","date_gmt":"2021-02-26T13:29:40","guid":{"rendered":"http:\/\/hronekpartners.cz\/?page_id=12151"},"modified":"2021-06-16T22:10:50","modified_gmt":"2021-06-16T20:10:50","slug":"vlastni-investice","status":"publish","type":"page","link":"https:\/\/hronekpartners.cz\/vi\/vlastni-investice\/","title":{"rendered":"Kho\u1ea3n \u0111\u1ea7u t\u01b0 ri\u00eang"},"content":{"rendered":"<div data-elementor-type=\"wp-page\" data-elementor-id=\"12151\" class=\"elementor elementor-12151\" data-elementor-settings=\"[]\">\n\t\t\t\t\t\t<div class=\"elementor-inner\">\n\t\t\t\t\t\t\t<div class=\"elementor-section-wrap\">\n\t\t\t\t\t\t\t<section class=\"elementor-section elementor-top-section elementor-element elementor-element-5b000d2 elementor-section-boxed elementor-section-height-default elementor-section-height-default\" data-id=\"5b000d2\" data-element_type=\"section\">\n\t\t\t\t\t\t<div class=\"elementor-container elementor-column-gap-default\">\n\t\t\t\t\t\t\t<div class=\"elementor-row\">\n\t\t\t\t\t<div class=\"elementor-column elementor-col-100 elementor-top-column elementor-element elementor-element-fa23478\" data-id=\"fa23478\" data-element_type=\"column\">\n\t\t\t<div class=\"elementor-column-wrap elementor-element-populated\">\n\t\t\t\t\t\t\t<div class=\"elementor-widget-wrap\">\n\t\t\t\t\t\t<div class=\"elementor-element elementor-element-fdf0b8b elementor-widget elementor-widget-text-editor\" data-id=\"fdf0b8b\" data-element_type=\"widget\" data-widget_type=\"text-editor.default\">\n\t\t\t\t<div class=\"elementor-widget-container\">\n\t\t\t\t\t<div class=\"elementor-text-editor elementor-clearfix\"><p style=\"text-align: center;\"><div class=\"row\"><div class=\"wpv-grid grid-1-1  wpv-first-level first unextended animation-from-bottom animated-active\" style=\"padding-top:0px;padding-bottom:0px\" id=\"wpv-column-963029af132dc91fded6db63d31aca06\" ><\/p><p style=\"text-align: center;\">C\u00f4ng ty ch\u00fang t\u00f4i \u0111ang t\u00edch c\u1ef1c t\u00ecm ki\u1ebfm c\u00e1c c\u01a1 h\u1ed9i \u0111\u1ea7u t\u01b0 ph\u00f9 h\u1ee3p \u0111\u1ec3 th\u1ef1c hi\u1ec7n c\u00e1c kho\u1ea3n \u0111\u1ea7u t\u01b0 ri\u00eang, \u0111\u1eb7c bi\u1ec7t l\u00e0 trong l\u0129nh v\u1ef1c b\u1ea5t \u0111\u1ed9ng s\u1ea3n v\u00e0 c\u00e1c d\u1ef1 \u00e1n kh\u1edfi nghi\u1ec7p.<\/p><p style=\"text-align: center;\">Ch\u00fang t\u00f4i s\u1eb5n s\u00e0ng \u0111\u00e1nh gi\u00e1 c\u01a1 h\u1ed9i \u0111\u1ea7u t\u01b0 c\u1ee7a kh\u00e1ch h\u00e0ng. Ch\u00fang t\u00f4i s\u1eb5n s\u00e0ng \u0111\u1ea7u t\u01b0 v\u1ed1n v\u00e0o c\u00e1c d\u1ef1 \u00e1n kh\u00f3 kh\u0103n nh\u01b0ng h\u1ea5p d\u1eabn. Ch\u00fang t\u00f4i \u0111\u1ea7u t\u01b0 v\u00e0o c\u00e1c d\u1ef1 \u00e1n ho\u00e0n to\u00e0n t\u1eeb ngu\u1ed3n l\u1ef1c t\u00e0i ch\u00ednh c\u1ee7a m\u00ecnh, v\u00e0 s\u1eed d\u1ee5ng c\u1ea3 ngu\u1ed3n v\u1ed1n ng\u00e2n h\u00e0ng ho\u1eb7c h\u1ee3p t\u00e1c v\u1edbi c\u00e1c \u0111\u1ed1i t\u00e1c \u0111\u1ea7u t\u01b0 kh\u00e1c<\/p><p style=\"text-align: center;\">H\u00e3y g\u1eedi cho ch\u00fang t\u00f4i m\u1ed9t b\u1ea3n gi\u1edbi thi\u1ec7u ng\u1eafn g\u1ecdn v\u1ec1 d\u1ef1 \u00e1n c\u1ee7a m\u00ecnh. Ch\u00fang t\u00f4i s\u1eb5n s\u00e0ng \u0111\u00e1nh gi\u00e1 v\u00e0 g\u1eedi ph\u1ea3n h\u1ed3i l\u1ea1i cho b\u1ea1n.<\/p><p style=\"text-align: center;\"><\/div><\/div><\/p><\/div>\n\t\t\t\t<\/div>\n\t\t\t\t<\/div>\n\t\t\t\t\t\t<\/div>\n\t\t\t\t\t<\/div>\n\t\t<\/div>\n\t\t\t\t\t\t\t\t<\/div>\n\t\t\t\t\t<\/div>\n\t\t<\/section>\n\t\t\t\t<section class=\"elementor-section elementor-top-section elementor-element elementor-element-02ca957 elementor-section-boxed elementor-section-height-default elementor-section-height-default\" data-id=\"02ca957\" data-element_type=\"section\">\n\t\t\t\t\t\t<div class=\"elementor-container elementor-column-gap-default\">\n\t\t\t\t\t\t\t<div class=\"elementor-row\">\n\t\t\t\t\t<div class=\"elementor-column elementor-col-100 elementor-top-column elementor-element elementor-element-39893af\" data-id=\"39893af\" data-element_type=\"column\">\n\t\t\t<div class=\"elementor-column-wrap\">\n\t\t\t\t\t\t\t<div class=\"elementor-widget-wrap\">\n\t\t\t\t\t\t\t\t<\/div>\n\t\t\t\t\t<\/div>\n\t\t<\/div>\n\t\t\t\t\t\t\t\t<\/div>\n\t\t\t\t\t<\/div>\n\t\t<\/section>\n\t\t\t\t<section class=\"elementor-section elementor-top-section elementor-element elementor-element-18d7ec4 elementor-section-boxed elementor-section-height-default elementor-section-height-default\" data-id=\"18d7ec4\" data-element_type=\"section\">\n\t\t\t\t\t\t<div class=\"elementor-container elementor-column-gap-default\">\n\t\t\t\t\t\t\t<div class=\"elementor-row\">\n\t\t\t\t\t<div class=\"elementor-column elementor-col-100 elementor-top-column elementor-element elementor-element-29da541\" data-id=\"29da541\" data-element_type=\"column\">\n\t\t\t<div class=\"elementor-column-wrap elementor-element-populated\">\n\t\t\t\t\t\t\t<div class=\"elementor-widget-wrap\">\n\t\t\t\t\t\t<div class=\"elementor-element elementor-element-7f8bd09 elementor-widget elementor-widget-text-editor\" data-id=\"7f8bd09\" data-element_type=\"widget\" data-widget_type=\"text-editor.default\">\n\t\t\t\t<div class=\"elementor-widget-container\">\n\t\t\t\t\t<div class=\"elementor-text-editor elementor-clearfix\">\t\t<h2 class=\"text-divider-double\">\t\t\t\n\nGI\u1edaI THI\u1ec6U D\u1ef0 \u00c1N C\u1ee6A B\u1ea0N CHO CH\u00daNG T\u00d4I\n\n\t\t<\/h2>\t\t<div class=\"sep\"><\/div>\t\n<div class=\"row\"><div class=\"wpv-grid grid-1-1  first unextended\" style=\"padding-top:0px;padding-bottom:0px\" id=\"wpv-column-529133385d44dca5768c58b6f898c93a\" ><div role=\"form\" class=\"wpcf7\" id=\"wpcf7-f9392-o1\" lang=\"en-US\" dir=\"ltr\">\n<div class=\"screen-reader-response\"><p role=\"status\" aria-live=\"polite\" aria-atomic=\"true\"><\/p> <ul><\/ul><\/div>\n<form action=\"\/vi\/wp-json\/wp\/v2\/pages\/12151#wpcf7-f9392-o1\" method=\"post\" class=\"wpcf7-form init\" novalidate=\"novalidate\" data-status=\"init\" data-trp-original-action=\"\/vi\/wp-json\/wp\/v2\/pages\/12151#wpcf7-f9392-o1\">\n<div style=\"display: none;\">\n<input type=\"hidden\" name=\"_wpcf7\" value=\"9392\" \/>\n<input type=\"hidden\" name=\"_wpcf7_version\" value=\"5.4\" \/>\n<input type=\"hidden\" name=\"_wpcf7_locale\" value=\"en_US\" \/>\n<input type=\"hidden\" name=\"_wpcf7_unit_tag\" value=\"wpcf7-f9392-o1\" \/>\n<input type=\"hidden\" name=\"_wpcf7_container_post\" value=\"0\" \/>\n<input type=\"hidden\" name=\"_wpcf7_posted_data_hash\" value=\"\" \/>\n<\/div>\n<div class=\"vamtam-rsvp-form\">\n<div class=\"row\">\n<div class=\"grid-1-3\">\n\t\t\t<span class=\"wpcf7-form-control-wrap your-name\"><input type=\"text\" name=\"your-name\" value=\"\" size=\"40\" class=\"wpcf7-form-control wpcf7-text wpcf7-validates-as-required\" id=\"your-name\" aria-required=\"true\" aria-invalid=\"false\" placeholder=\"T\u00ean v\u00e0 H\u1ecd\" \/><\/span>\n\t\t<\/div>\n<div class=\"grid-1-3\">\n\t\t\t<span class=\"wpcf7-form-control-wrap Phone\"><input type=\"text\" name=\"Phone\" value=\"\" size=\"40\" class=\"wpcf7-form-control wpcf7-text wpcf7-validates-as-required\" id=\"Phone\" aria-required=\"true\" aria-invalid=\"false\" placeholder=\"\u0110i\u1ec7n tho\u1ea1i\" \/><\/span>\n\t\t<\/div>\n<div class=\"grid-1-3\">\n\t\t\t<span class=\"wpcf7-form-control-wrap email\"><input type=\"text\" name=\"email\" value=\"\" size=\"40\" class=\"wpcf7-form-control wpcf7-text wpcf7-validates-as-required\" id=\"email\" aria-required=\"true\" aria-invalid=\"false\" placeholder=\"\u0110\u1ecba ch\u1ec9 E-mail\" \/><\/span>\n\t\t<\/div>\n<div class=\"grid-1-1\">\n\t\t\t<span class=\"wpcf7-form-control-wrap our-message\"><textarea name=\"our-message\" cols=\"40\" rows=\"5\" class=\"wpcf7-form-control wpcf7-textarea wpcf7-validates-as-required\" id=\"message\" aria-required=\"true\" aria-invalid=\"false\" placeholder=\"N\u1ed9i dung tin t\u1ee9c\"><\/textarea><\/span>\n\t\t<\/div>\n<\/div>\n<div style= \"text-align: center;\"><input type=\"submit\" value=\"G\u1eedi \u0111i \u2192\" class=\"wpcf7-form-control wpcf7-submit\" \/><\/div>\n<\/div>\n<div class=\"wpcf7-response-output\" aria-hidden=\"true\"><\/div><input type=\"hidden\" name=\"trp-form-language\" value=\"vi\"\/><\/form><\/div><\/div><\/div><\/div>\n\t\t\t\t<\/div>\n\t\t\t\t<\/div>\n\t\t\t\t\t\t<\/div>\n\t\t\t\t\t<\/div>\n\t\t<\/div>\n\t\t\t\t\t\t\t\t<\/div>\n\t\t\t\t\t<\/div>\n\t\t<\/section>\n\t\t\t\t<section class=\"elementor-section elementor-top-section elementor-element elementor-element-f799c54 elementor-section-boxed elementor-section-height-default elementor-section-height-default\" data-id=\"f799c54\" data-element_type=\"section\">\n\t\t\t\t\t\t<div class=\"elementor-container elementor-column-gap-default\">\n\t\t\t\t\t\t\t<div class=\"elementor-row\">\n\t\t\t\t\t<div class=\"elementor-column elementor-col-100 elementor-top-column elementor-element elementor-element-6deda92\" data-id=\"6deda92\" data-element_type=\"column\">\n\t\t\t<div class=\"elementor-column-wrap elementor-element-populated\">\n\t\t\t\t\t\t\t<div class=\"elementor-widget-wrap\">\n\t\t\t\t\t\t<div class=\"elementor-element elementor-element-2b4e436 elementor-widget elementor-widget-spacer\" data-id=\"2b4e436\" data-element_type=\"widget\" data-widget_type=\"spacer.default\">\n\t\t\t\t<div class=\"elementor-widget-container\">\n\t\t\t\t\t<div class=\"elementor-spacer\">\n\t\t\t<div class=\"elementor-spacer-inner\"><\/div>\n\t\t<\/div>\n\t\t\t\t<\/div>\n\t\t\t\t<\/div>\n\t\t\t\t\t\t<\/div>\n\t\t\t\t\t<\/div>\n\t\t<\/div>\n\t\t\t\t\t\t\t\t<\/div>\n\t\t\t\t\t<\/div>\n\t\t<\/section>\n\t\t\t\t\t\t<\/div>\n\t\t\t\t\t\t<\/div>\n\t\t\t\t\t<\/div>","protected":false},"excerpt":{"rendered":"<p>Na\u0161e spole\u010dnost aktivn\u011b vyhled\u00e1v\u00e1 vhodn\u00e9 investi\u010dn\u00ed p\u0159\u00edle\u017eitost pro realizaci vlastn\u00edch investic, a to p\u0159edev\u0161\u00edm v oblasti nemovitost\u00ed a start up projekt\u016f. R\u00e1di vyhodnot\u00edme Va\u0161i investi\u010dn\u00ed p\u0159\u00edle\u017eitost. Jsme p\u0159ipraveni realizovat investice vlastn\u00edho kapit\u00e1lu i do atraktivn\u00edch distressov\u00fdch aktiv. Projekty realizujeme jak pln\u011b ze sv\u00fdch vlastn\u00edch zdroj\u016f, tak za vyu\u017eit\u00ed bankovn\u00edho financov\u00e1n\u00ed \u010di kooperace s partnersk\u00fdmi investory&#8230;.<\/p>","protected":false},"author":1,"featured_media":0,"parent":0,"menu_order":0,"comment_status":"closed","ping_status":"closed","template":"elementor_header_footer","meta":[],"_links":{"self":[{"href":"https:\/\/hronekpartners.cz\/vi\/wp-json\/wp\/v2\/pages\/12151"}],"collection":[{"href":"https:\/\/hronekpartners.cz\/vi\/wp-json\/wp\/v2\/pages"}],"about":[{"href":"https:\/\/hronekpartners.cz\/vi\/wp-json\/wp\/v2\/types\/page"}],"author":[{"embeddable":true,"href":"https:\/\/hronekpartners.cz\/vi\/wp-json\/wp\/v2\/users\/1"}],"replies":[{"embeddable":true,"href":"https:\/\/hronekpartners.cz\/vi\/wp-json\/wp\/v2\/comments?post=12151"}],"version-history":[{"count":23,"href":"https:\/\/hronekpartners.cz\/vi\/wp-json\/wp\/v2\/pages\/12151\/revisions"}],"predecessor-version":[{"id":12725,"href":"https:\/\/hronekpartners.cz\/vi\/wp-json\/wp\/v2\/pages\/12151\/revisions\/12725"}],"wp:attachment":[{"href":"https:\/\/hronekpartners.cz\/vi\/wp-json\/wp\/v2\/media?parent=12151"}],"curies":[{"name":"wp","href":"https:\/\/api.w.org\/{rel}","templated":true}]}}