{"id":12290,"date":"2021-03-03T22:23:30","date_gmt":"2021-03-03T21:23:30","guid":{"rendered":"http:\/\/hronekpartners.cz\/?page_id=12290"},"modified":"2021-06-13T21:48:36","modified_gmt":"2021-06-13T19:48:36","slug":"developerske-projekty","status":"publish","type":"page","link":"https:\/\/hronekpartners.cz\/ru\/poradenstvi\/developerske-projekty\/","title":{"rendered":"\u0414\u0435\u0432\u0435\u043b\u043e\u043f\u0435\u0440\u0441\u043a\u0438\u0435 \u043f\u0440\u043e\u0435\u043a\u0442\u044b"},"content":{"rendered":"<div class=\"row\"><div class=\"wpv-grid grid-1-4  wpv-first-level first unextended\" style=\"padding-top:0px;padding-bottom:0px\" id=\"wpv-column-af1b831d2e3155d7e6bf73bb6953750a\" ><p>\t\t<div data-elementor-type=\"section\" data-elementor-id=\"12013\" class=\"elementor elementor-12013\" data-elementor-settings=\"[]\">\n\t\t<div class=\"elementor-section-wrap\">\n\t\t\t\t\t<section class=\"elementor-section elementor-top-section elementor-element elementor-element-7f1deb2 elementor-section-boxed elementor-section-height-default elementor-section-height-default\" data-id=\"7f1deb2\" data-element_type=\"section\">\n\t\t\t\t\t\t<div class=\"elementor-container elementor-column-gap-default\">\n\t\t\t\t\t\t\t<div class=\"elementor-row\">\n\t\t\t\t\t<div class=\"elementor-column elementor-col-100 elementor-top-column elementor-element elementor-element-cec04e8\" data-id=\"cec04e8\" data-element_type=\"column\">\n\t\t\t<div class=\"elementor-column-wrap elementor-element-populated\">\n\t\t\t\t\t\t\t<div class=\"elementor-widget-wrap\">\n\t\t\t\t\t\t<div class=\"elementor-element elementor-element-3644a81 elementor-widget elementor-widget-text-editor\" data-id=\"3644a81\" data-element_type=\"widget\" data-widget_type=\"text-editor.default\">\n\t\t\t\t<div class=\"elementor-widget-container\">\n\t\t\t\t\t<div class=\"elementor-text-editor elementor-clearfix\"><p>Slu\u017eby<\/p><\/div>\n\t\t\t\t<\/div>\n\t\t\t\t<\/div>\n\t\t\t\t<div class=\"elementor-element elementor-element-573b635 elementor-widget-divider--view-line elementor-widget elementor-widget-divider\" data-id=\"573b635\" data-element_type=\"widget\" data-widget_type=\"divider.default\">\n\t\t\t\t<div class=\"elementor-widget-container\">\n\t\t\t\t\t<div class=\"elementor-divider\">\n\t\t\t<span class=\"elementor-divider-separator\">\n\t\t\t\t\t\t<\/span>\n\t\t<\/div>\n\t\t\t\t<\/div>\n\t\t\t\t<\/div>\n\t\t\t\t<div class=\"elementor-element elementor-element-b63477a elementor-mobile-align-center elementor-widget elementor-widget-button\" data-id=\"b63477a\" data-element_type=\"widget\" data-widget_type=\"button.default\">\n\t\t\t\t<div class=\"elementor-widget-container\">\n\t\t\t\t\t<div class=\"elementor-button-wrapper\">\n\t\t\t<a href=\"https:\/\/hronekpartners.cz\/ru\/poradenstvi\/prodej-nemovitosti\/\" class=\"elementor-button-link elementor-button elementor-size-sm\" role=\"button\">\n\t\t\t\t\t\t<span class=\"elementor-button-content-wrapper\">\n\t\t\t\t\t\t<span class=\"elementor-button-text\">\u041f\u0440\u043e\u0434\u0430\u0436\u0430 \u043d\u0435\u0434\u0432\u0438\u0436\u0438\u043c\u043e\u0441\u0442\u0438<\/span>\n\t\t<\/span>\n\t\t\t\t\t<\/a>\n\t\t<\/div>\n\t\t\t\t<\/div>\n\t\t\t\t<\/div>\n\t\t\t\t<div class=\"elementor-element elementor-element-7e6f13e elementor-widget-divider--view-line elementor-widget elementor-widget-divider\" data-id=\"7e6f13e\" data-element_type=\"widget\" data-widget_type=\"divider.default\">\n\t\t\t\t<div class=\"elementor-widget-container\">\n\t\t\t\t\t<div class=\"elementor-divider\">\n\t\t\t<span class=\"elementor-divider-separator\">\n\t\t\t\t\t\t<\/span>\n\t\t<\/div>\n\t\t\t\t<\/div>\n\t\t\t\t<\/div>\n\t\t\t\t<div class=\"elementor-element elementor-element-2af9099 elementor-widget elementor-widget-spacer\" data-id=\"2af9099\" data-element_type=\"widget\" data-widget_type=\"spacer.default\">\n\t\t\t\t<div class=\"elementor-widget-container\">\n\t\t\t\t\t<div class=\"elementor-spacer\">\n\t\t\t<div class=\"elementor-spacer-inner\"><\/div>\n\t\t<\/div>\n\t\t\t\t<\/div>\n\t\t\t\t<\/div>\n\t\t\t\t<div class=\"elementor-element elementor-element-45b2a5b elementor-mobile-align-center elementor-align-left elementor-widget elementor-widget-button\" data-id=\"45b2a5b\" data-element_type=\"widget\" data-widget_type=\"button.default\">\n\t\t\t\t<div class=\"elementor-widget-container\">\n\t\t\t\t\t<div class=\"elementor-button-wrapper\">\n\t\t\t<a href=\"https:\/\/hronekpartners.cz\/ru\/poradenstvi\/investice-do-nemovitosti\/\" class=\"elementor-button-link elementor-button elementor-size-sm\" role=\"button\">\n\t\t\t\t\t\t<span class=\"elementor-button-content-wrapper\">\n\t\t\t\t\t\t<span class=\"elementor-button-text\">\u0418\u043d\u0432\u0435\u0441\u0442\u0438\u0446\u0438\u0438 \u0432 \u043d\u0435\u0434\u0432\u0438\u0436\u0438\u043c\u043e\u0441\u0442\u044c<\/span>\n\t\t<\/span>\n\t\t\t\t\t<\/a>\n\t\t<\/div>\n\t\t\t\t<\/div>\n\t\t\t\t<\/div>\n\t\t\t\t<div class=\"elementor-element elementor-element-df23d36 elementor-widget-divider--view-line elementor-widget elementor-widget-divider\" data-id=\"df23d36\" data-element_type=\"widget\" data-widget_type=\"divider.default\">\n\t\t\t\t<div class=\"elementor-widget-container\">\n\t\t\t\t\t<div class=\"elementor-divider\">\n\t\t\t<span class=\"elementor-divider-separator\">\n\t\t\t\t\t\t<\/span>\n\t\t<\/div>\n\t\t\t\t<\/div>\n\t\t\t\t<\/div>\n\t\t\t\t<div class=\"elementor-element elementor-element-5e12378 elementor-mobile-align-center elementor-align-left elementor-widget elementor-widget-button\" data-id=\"5e12378\" data-element_type=\"widget\" data-widget_type=\"button.default\">\n\t\t\t\t<div class=\"elementor-widget-container\">\n\t\t\t\t\t<div class=\"elementor-button-wrapper\">\n\t\t\t<a href=\"https:\/\/hronekpartners.cz\/ru\/poradenstvi\/pronajem-nemovitosti\/\" class=\"elementor-button-link elementor-button elementor-size-sm\" role=\"button\">\n\t\t\t\t\t\t<span class=\"elementor-button-content-wrapper\">\n\t\t\t\t\t\t<span class=\"elementor-button-text\">\u0410\u0440\u0435\u043d\u0434\u0430 \u043d\u0435\u0434\u0432\u0438\u0436\u0438\u043c\u043e\u0441\u0442\u0438<\/span>\n\t\t<\/span>\n\t\t\t\t\t<\/a>\n\t\t<\/div>\n\t\t\t\t<\/div>\n\t\t\t\t<\/div>\n\t\t\t\t<div class=\"elementor-element elementor-element-70687fe elementor-widget-divider--view-line elementor-widget elementor-widget-divider\" data-id=\"70687fe\" data-element_type=\"widget\" data-widget_type=\"divider.default\">\n\t\t\t\t<div class=\"elementor-widget-container\">\n\t\t\t\t\t<div class=\"elementor-divider\">\n\t\t\t<span class=\"elementor-divider-separator\">\n\t\t\t\t\t\t<\/span>\n\t\t<\/div>\n\t\t\t\t<\/div>\n\t\t\t\t<\/div>\n\t\t\t\t<div class=\"elementor-element elementor-element-f53455b elementor-mobile-align-center elementor-align-left elementor-widget elementor-widget-button\" data-id=\"f53455b\" data-element_type=\"widget\" data-widget_type=\"button.default\">\n\t\t\t\t<div class=\"elementor-widget-container\">\n\t\t\t\t\t<div class=\"elementor-button-wrapper\">\n\t\t\t<a href=\"https:\/\/hronekpartners.cz\/ru\/poradenstvi\/developerske-projekty\/\" class=\"elementor-button-link elementor-button elementor-size-sm\" role=\"button\">\n\t\t\t\t\t\t<span class=\"elementor-button-content-wrapper\">\n\t\t\t\t\t\t<span class=\"elementor-button-text\">\u0414\u0435\u0432\u0435\u043b\u043e\u043f\u0435\u0440\u0441\u043a\u0438\u0435 \u043f\u0440\u043e\u0435\u043a\u0442\u044b<\/span>\n\t\t<\/span>\n\t\t\t\t\t<\/a>\n\t\t<\/div>\n\t\t\t\t<\/div>\n\t\t\t\t<\/div>\n\t\t\t\t<div class=\"elementor-element elementor-element-eb5382d elementor-widget-divider--view-line elementor-widget elementor-widget-divider\" data-id=\"eb5382d\" data-element_type=\"widget\" data-widget_type=\"divider.default\">\n\t\t\t\t<div class=\"elementor-widget-container\">\n\t\t\t\t\t<div class=\"elementor-divider\">\n\t\t\t<span class=\"elementor-divider-separator\">\n\t\t\t\t\t\t<\/span>\n\t\t<\/div>\n\t\t\t\t<\/div>\n\t\t\t\t<\/div>\n\t\t\t\t<div class=\"elementor-element elementor-element-06b3103 elementor-mobile-align-center elementor-align-left elementor-widget elementor-widget-button\" data-id=\"06b3103\" data-element_type=\"widget\" data-widget_type=\"button.default\">\n\t\t\t\t<div class=\"elementor-widget-container\">\n\t\t\t\t\t<div class=\"elementor-button-wrapper\">\n\t\t\t<a href=\"https:\/\/hronekpartners.cz\/ru\/poradenstvi\/financovani-nemovitostnich-projektu\/\" class=\"elementor-button-link elementor-button elementor-size-sm\" role=\"button\">\n\t\t\t\t\t\t<span class=\"elementor-button-content-wrapper\">\n\t\t\t\t\t\t<span class=\"elementor-button-text\">\u0424\u0438\u043d\u0430\u043d\u0441\u0438\u0440\u043e\u0432\u0430\u043d\u0438\u0435 \u043f\u0440\u043e\u0435\u043a\u0442\u043e\u0432 \u0432 \u043e\u0431\u043b\u0430\u0441\u0442\u0438 \u043d\u0435\u0434\u0432\u0438\u0436\u0438\u043c\u043e\u0441\u0442\u0438<\/span>\n\t\t<\/span>\n\t\t\t\t\t<\/a>\n\t\t<\/div>\n\t\t\t\t<\/div>\n\t\t\t\t<\/div>\n\t\t\t\t<div class=\"elementor-element elementor-element-4972234 elementor-widget-divider--view-line elementor-widget elementor-widget-divider\" data-id=\"4972234\" data-element_type=\"widget\" data-widget_type=\"divider.default\">\n\t\t\t\t<div class=\"elementor-widget-container\">\n\t\t\t\t\t<div class=\"elementor-divider\">\n\t\t\t<span class=\"elementor-divider-separator\">\n\t\t\t\t\t\t<\/span>\n\t\t<\/div>\n\t\t\t\t<\/div>\n\t\t\t\t<\/div>\n\t\t\t\t<div class=\"elementor-element elementor-element-f68bbd7 elementor-mobile-align-center elementor-align-left elementor-widget elementor-widget-button\" data-id=\"f68bbd7\" data-element_type=\"widget\" data-widget_type=\"button.default\">\n\t\t\t\t<div class=\"elementor-widget-container\">\n\t\t\t\t\t<div class=\"elementor-button-wrapper\">\n\t\t\t<a href=\"https:\/\/hronekpartners.cz\/ru\/poradenstvi\/sluzby-pro-najemce\/\" class=\"elementor-button-link elementor-button elementor-size-sm\" role=\"button\">\n\t\t\t\t\t\t<span class=\"elementor-button-content-wrapper\">\n\t\t\t\t\t\t<span class=\"elementor-button-text\">\u0423\u0441\u043b\u0443\u0433\u0438 \u0434\u043b\u044f \u0430\u0440\u0435\u043d\u0434\u0430\u0442\u043e\u0440\u043e\u0432<\/span>\n\t\t<\/span>\n\t\t\t\t\t<\/a>\n\t\t<\/div>\n\t\t\t\t<\/div>\n\t\t\t\t<\/div>\n\t\t\t\t\t\t<\/div>\n\t\t\t\t\t<\/div>\n\t\t<\/div>\n\t\t\t\t\t\t\t\t<\/div>\n\t\t\t\t\t<\/div>\n\t\t<\/section>\n\t\t\t\t<\/div>\n\t\t<\/div>\n\t\t<\/div>\n<div class=\"wpv-grid grid-1-2  wpv-first-level unextended\" style=\"padding-top:0px;padding-bottom:0px\" id=\"wpv-column-2c8478fed1cb32ba131df19aab9776e9\" ><div class=\"elementor-text-editor elementor-clearfix\">\n<p>N\u00e1\u0161 t\u00fdm je p\u0159ipraven poskytnout komplexn\u00ed odborn\u00e9 poradenstv\u00ed od p\u0159\u00edpravy developersk\u00e9ho projektu a\u017e po jeho \u00fasp\u011b\u0161n\u00fd prodej, a to v\u0161e p\u0159i zachov\u00e1n\u00ed nejvy\u0161\u0161\u00edho standardu poskytovan\u00fdch slu\u017eeb.<\/p>\n<p><strong>P\u0159i p\u0159\u00edprav\u011b developersk\u00e9ho projektu se zam\u011b\u0159\u00edme p\u0159edev\u0161\u00edm na:<\/strong><\/p>\n<ul>\n<li style=\"list-style-type: none;\">\n<ul>\n<li>zhodnocen\u00ed ekonomick\u00e9ho potenci\u00e1lu realizace projektu v m\u00edst\u011b a \u010dase;<\/li>\n<li>zaji\u0161t\u011bn\u00ed financov\u00e1n\u00ed realizace projektu p\u0159i zv\u00e1\u017een\u00ed v\u0161ech finan\u010dn\u00edch instrument\u016f;<\/li>\n<li>doporu\u010den\u00ed strukturace vhodn\u00e9ho prim\u00e1rn\u00edho p\u0159\u00edjmu z realizace projektu (prodej jako celek \/ prodej po individu\u00e1ln\u00edch jednotk\u00e1ch \/ dlouhodob\u00fd pron\u00e1jem jednotek \/ apod.);<\/li>\n<li>konzultace vedouc\u00ed k zefektivn\u011bn\u00ed ekonomick\u00fdch v\u00fdsledk\u016f projektu;<\/li>\n<li>nastaven\u00ed vhodn\u00e9 prodejn\u00ed cenov\u00e9 politiky projektu;<\/li>\n<li>n\u00e1vrh optim\u00e1ln\u00edho na\u010dasov\u00e1n\u00ed realizace projektu \u010di jeho jednotliv\u00fdch f\u00e1z\u00ed;<\/li>\n<li>optimalizaci spole\u010dn\u00fdch ploch a ploch ve\u0159ejn\u00e9ho z\u00e1jmu, a to v\u010detn\u011b nastaven\u00ed vhodn\u00fdch poskytovan\u00fdch slu\u017eeb um\u00edst\u011bn\u00fdch p\u0159\u00edmo v projektu v korelaci s nab\u00eddkou slu\u017eeb v p\u0159ilehl\u00e9m okol\u00ed projektu;<\/li>\n<li>poradenstv\u00ed s vhodn\u00fdm strukturov\u00e1n\u00edm spl\u00e1tkov\u00e9ho kalend\u00e1\u0159e, a tedy i s optimalizac\u00ed cash flow v pr\u016fb\u011bhu realizace projektu;<\/li>\n<li>n\u00e1vrh optim\u00e1ln\u00ed struktury realizace projektu (od\u0161t\u011bpen\u00ed pozemk\u016f do nov\u011b vznikl\u00e9 spole\u010dnosti \/ prodej pozemk\u016f do projektov\u00e9 spole\u010dnosti \/ realizace projektu mate\u0159skou spole\u010dnost\u00ed \/ apod.) v kontextu v\u0161ech pr\u00e1vn\u00edch rizik;<\/li>\n<li>n\u00e1vrh optim\u00e1ln\u00ed vlastnick\u00e9 struktury a doporu\u010den\u00ed vhodn\u00fdch pr\u00e1vn\u00edch entit pro jej\u00ed realizaci;<\/li>\n<li>doporu\u010den\u00ed vhodn\u00e9ho zp\u016fsobu propagace projektu v\u010detn\u011b uveden\u00ed doporu\u010den\u00e9ho na\u010dasov\u00e1n\u00ed.<\/li>\n<li><\/li>\n<\/ul>\n<\/li>\n<\/ul>\n<p><strong>P\u0159i prodeji developersk\u00e9ho projektu poskytuje na\u0161\u00edm klient\u016fm servis skl\u00e1daj\u00edc\u00ed se mimo jin\u00e9 z:<\/strong><\/p>\n<ul>\n<li style=\"list-style-type: none;\">\n<ul>\n<li>kompletn\u00edho servisu spojen\u00e9ho s individu\u00e1ln\u00edm prodejem bytov\u00fdch a nebytov\u00fdch jednotek projektu (zprost\u0159edkov\u00e1n\u00ed kupc\u016f, zaji\u0161t\u011bn\u00ed hypote\u010dn\u00edho financov\u00e1n\u00ed za nejv\u00fdhodn\u011bj\u0161\u00edch podm\u00ednek na trhu, inzerce projektu na realitn\u00edch serverech, p\u0159\u00edprava smluvn\u00ed dokumentace, zaji\u0161t\u011bn\u00ed p\u0159\u00edpadn\u00e9 not\u00e1\u0159sk\u00e9 \u00faschovy kupn\u00ed ceny, p\u0159edstaven\u00ed standard\u016f projektu klientovi a \u0159e\u0161en\u00ed klientsk\u00fdch zm\u011bn, p\u0159ed\u00e1n\u00ed bytov\u00fdch jednotek, pod\u00e1n\u00ed n\u00e1vrhu na vklad do katastru nemovitost\u00ed, apod.)<\/li>\n<li>komplexn\u00ed realizace nab\u00eddkov\u00e9 \u0159\u00edzen\u00ed, tedy zaji\u0161t\u011bn\u00ed kupc\u016f na portfolia bytov\u00fdch \u010di nebytov\u00fdch jednotek v projektu a nebo na cel\u00e9 stavebn\u011b odd\u011blen\u00e9 objekty projektu, a to ve\u0159ejnou \u010di neve\u0159ejnou formou (spolupracujeme s\u00a0\u0161irok\u00fdm spektrem priv\u00e1tn\u00edch i institucion\u00e1ln\u00edch investor\u016f);<\/li>\n<li>asistence p\u0159i vypo\u0159\u00e1d\u00e1n\u00ed transakce\/transakc\u00ed;<\/li>\n<li>realizace a koordinace marketingov\u00e9 kampan\u011b;<\/li>\n<li>odborn\u00e9 poradenstv\u00ed sm\u011b\u0159uj\u00edc\u00ed k optimalizaci \u010dist\u00e9ho zisku z realizace projektu a n\u00e1vrh vhodn\u00fdch n\u00e1stroj\u016f pro uchov\u00e1n\u00ed hodnoty utr\u017een\u00fdch prost\u0159edk\u016f.<\/li>\n<\/ul>\n<\/li>\n<\/ul>\n<div><span style=\"color: #7c7f82; font-family: Georgia, serif;\">\u00a0<\/span><\/div>\n<\/div><\/div>\n<div class=\"wpv-grid grid-1-4  wpv-first-level unextended\" style=\"padding-top:0px;padding-bottom:0px\" id=\"wpv-column-4c4dfb529f36d57b088bf61f846a9446\" ><p>\t\t<div data-elementor-type=\"section\" data-elementor-id=\"12017\" class=\"elementor elementor-12017\" data-elementor-settings=\"[]\">\n\t\t<div class=\"elementor-section-wrap\">\n\t\t\t\t\t<section class=\"elementor-section elementor-top-section elementor-element elementor-element-5bc9a34 elementor-section-boxed elementor-section-height-default elementor-section-height-default\" data-id=\"5bc9a34\" data-element_type=\"section\">\n\t\t\t\t\t\t<div class=\"elementor-container elementor-column-gap-default\">\n\t\t\t\t\t\t\t<div class=\"elementor-row\">\n\t\t\t\t\t<div class=\"elementor-column elementor-col-50 elementor-top-column elementor-element elementor-element-0ca313b\" data-id=\"0ca313b\" data-element_type=\"column\">\n\t\t\t<div class=\"elementor-column-wrap\">\n\t\t\t\t\t\t\t<div class=\"elementor-widget-wrap\">\n\t\t\t\t\t\t\t\t<\/div>\n\t\t\t\t\t<\/div>\n\t\t<\/div>\n\t\t\t\t<div class=\"elementor-column elementor-col-50 elementor-top-column elementor-element elementor-element-84c5a16\" data-id=\"84c5a16\" data-element_type=\"column\">\n\t\t\t<div class=\"elementor-column-wrap elementor-element-populated\">\n\t\t\t\t\t\t\t<div class=\"elementor-widget-wrap\">\n\t\t\t\t\t\t<div class=\"elementor-element elementor-element-f93e4e2 elementor-widget elementor-widget-html\" data-id=\"f93e4e2\" data-element_type=\"widget\" data-widget_type=\"html.default\">\n\t\t\t\t<div class=\"elementor-widget-container\">\n\t\t\t\r\n\r\n<h4 style=\"padding-left: 15px; padding-top: 20px;\">KL\u00cd\u010cOV\u00dd KONTAKT<\/h4>\r\n<p style=\"padding-left: 15px;\"><strong>Jan Hronek<\/strong> <br><br>\u0422\u0435\u043b\u0435\u0444\u043e\u043d: +420 777 800 746 <br>\r\n<a href=\"mailto:support@vamtam.com\">jan@hronekpartners.cz<\/a><\/p>\r\n<p style=\"padding-left: 15px;\"\r\n\r\n<p><a href=\"https:\/\/www.linkedin.com\/in\/jan-hronek\/\"><span class=\"icon shortcode theme  use-hover\" style=\"font-size:16px !important;color:#CCA876;\">\ue618<\/span><\/a>\r\n<\/p>\r\n\r\n\t\t<\/div>\n\t\t\t\t<\/div>\n\t\t\t\t\t\t<\/div>\n\t\t\t\t\t<\/div>\n\t\t<\/div>\n\t\t\t\t\t\t\t\t<\/div>\n\t\t\t\t\t<\/div>\n\t\t<\/section>\n\t\t\t\t<\/div>\n\t\t<\/div>\n\t\t<\/div><\/div>\n<div class=\"push\" style='height:40px'><\/div>\n<div class=\"row\"><div class=\"wpv-grid grid-1-1  wpv-first-level parallax-bg first extended\" style=\"padding-top:0px;padding-bottom:50px\" id=\"REQUEST-CONSULTATION\"  data-parallax-method=\"to-centre\" data-parallax-inertia=\"-0.2\"><div class=\"extended-column-inner\">\t\t<h2 class=\"text-divider-double\">\t\t\t\n\u0421\u0412\u042f\u0416\u0418\u0422\u0415\u0421\u042c \u0421 \u041d\u0410\u041c\u0418\t\t<\/h2>\t\t<div class=\"sep\"><\/div>\t\n<div class=\"row\"><div class=\"wpv-grid grid-1-1  first unextended\" style=\"padding-top:0px;padding-bottom:0px\" id=\"wpv-column-e110271dd0e6a761382499492cbdf6ae\" ><div class=\"push\" style='margin-bottom:-20px'><\/div>\n<p style=\"text-align: center;\"><span class=\"vamtam-font-style-2 accent-4\">Napi\u0161te n\u00e1m a domluvte si osobn\u00ed konzultaci. <\/span><\/p>\n<div class=\"push\" style='height:20px'><\/div><\/div><\/div>\n<div class=\"row\"><div class=\"wpv-grid grid-1-1  first unextended\" style=\"padding-top:0px;padding-bottom:0px\" id=\"wpv-column-b24c99b89035d5b34cc89027d312139d\" ><p><div role=\"form\" class=\"wpcf7\" id=\"wpcf7-f9392-o1\" lang=\"en-US\" dir=\"ltr\">\n<div class=\"screen-reader-response\"><p role=\"status\" aria-live=\"polite\" aria-atomic=\"true\"><\/p> <ul><\/ul><\/div>\n<form action=\"\/ru\/wp-json\/wp\/v2\/pages\/12290#wpcf7-f9392-o1\" method=\"post\" class=\"wpcf7-form init\" novalidate=\"novalidate\" data-status=\"init\" data-trp-original-action=\"\/ru\/wp-json\/wp\/v2\/pages\/12290#wpcf7-f9392-o1\">\n<div style=\"display: none;\">\n<input type=\"hidden\" name=\"_wpcf7\" value=\"9392\" \/>\n<input type=\"hidden\" name=\"_wpcf7_version\" value=\"5.4\" \/>\n<input type=\"hidden\" name=\"_wpcf7_locale\" value=\"en_US\" \/>\n<input type=\"hidden\" name=\"_wpcf7_unit_tag\" value=\"wpcf7-f9392-o1\" \/>\n<input type=\"hidden\" name=\"_wpcf7_container_post\" value=\"0\" \/>\n<input type=\"hidden\" name=\"_wpcf7_posted_data_hash\" value=\"\" \/>\n<\/div>\n<div class=\"vamtam-rsvp-form\">\n<div class=\"row\">\n<div class=\"grid-1-3\">\n\t\t\t<span class=\"wpcf7-form-control-wrap your-name\"><input type=\"text\" name=\"your-name\" value=\"\" size=\"40\" class=\"wpcf7-form-control wpcf7-text wpcf7-validates-as-required\" id=\"your-name\" aria-required=\"true\" aria-invalid=\"false\" placeholder=\"\u0418\u043c\u044f \u0438 \u0444\u0430\u043c\u0438\u043b\u0438\u044f\" \/><\/span>\n\t\t<\/div>\n<div class=\"grid-1-3\">\n\t\t\t<span class=\"wpcf7-form-control-wrap Phone\"><input type=\"text\" name=\"Phone\" value=\"\" size=\"40\" class=\"wpcf7-form-control wpcf7-text wpcf7-validates-as-required\" id=\"Phone\" aria-required=\"true\" aria-invalid=\"false\" placeholder=\"\u0422\u0435\u043b\u0435\u0444\u043e\u043d\" \/><\/span>\n\t\t<\/div>\n<div class=\"grid-1-3\">\n\t\t\t<span class=\"wpcf7-form-control-wrap email\"><input type=\"text\" name=\"email\" value=\"\" size=\"40\" class=\"wpcf7-form-control wpcf7-text wpcf7-validates-as-required\" id=\"email\" aria-required=\"true\" aria-invalid=\"false\" placeholder=\"\u0410\u0434\u0440\u0435\u0441 \u044d\u043b\u0435\u043a\u0442\u0440\u043e\u043d\u043d\u043e\u0439 \u043f\u043e\u0447\u0442\u044b\" \/><\/span>\n\t\t<\/div>\n<div class=\"grid-1-1\">\n\t\t\t<span class=\"wpcf7-form-control-wrap our-message\"><textarea name=\"our-message\" cols=\"40\" rows=\"5\" class=\"wpcf7-form-control wpcf7-textarea wpcf7-validates-as-required\" id=\"message\" aria-required=\"true\" aria-invalid=\"false\" placeholder=\"\u0432\u0430\u0448\u0435 \u0441\u043e\u043e\u0431\u0449\u0435\u043d\u0438\u0435\"><\/textarea><\/span>\n\t\t<\/div>\n<\/div>\n<div style= \"text-align: center;\"><input type=\"submit\" value=\"\u041e\u0442\u043f\u0440\u0430\u0432\u0438\u0442\u044c \u2192\" class=\"wpcf7-form-control wpcf7-submit\" \/><\/div>\n<\/div>\n<div class=\"wpcf7-response-output\" aria-hidden=\"true\"><\/div><input type=\"hidden\" name=\"trp-form-language\" value=\"ru\"\/><\/form><\/div><\/div><\/div><\/div><\/div><\/div>","protected":false},"excerpt":{"rendered":"<p>N\u00e1\u0161 t\u00fdm je p\u0159ipraven poskytnout komplexn\u00ed odborn\u00e9 poradenstv\u00ed od p\u0159\u00edpravy developersk\u00e9ho projektu a\u017e po jeho \u00fasp\u011b\u0161n\u00fd prodej, a to v\u0161e p\u0159i zachov\u00e1n\u00ed nejvy\u0161\u0161\u00edho standardu poskytovan\u00fdch slu\u017eeb. P\u0159i p\u0159\u00edprav\u011b developersk\u00e9ho projektu se zam\u011b\u0159\u00edme p\u0159edev\u0161\u00edm na: zhodnocen\u00ed ekonomick\u00e9ho potenci\u00e1lu realizace projektu v m\u00edst\u011b a \u010dase; zaji\u0161t\u011bn\u00ed financov\u00e1n\u00ed realizace projektu p\u0159i zv\u00e1\u017een\u00ed v\u0161ech finan\u010dn\u00edch instrument\u016f; doporu\u010den\u00ed strukturace vhodn\u00e9ho&#8230;<\/p>","protected":false},"author":1,"featured_media":0,"parent":7956,"menu_order":0,"comment_status":"closed","ping_status":"closed","template":"","meta":[],"_links":{"self":[{"href":"https:\/\/hronekpartners.cz\/ru\/wp-json\/wp\/v2\/pages\/12290"}],"collection":[{"href":"https:\/\/hronekpartners.cz\/ru\/wp-json\/wp\/v2\/pages"}],"about":[{"href":"https:\/\/hronekpartners.cz\/ru\/wp-json\/wp\/v2\/types\/page"}],"author":[{"embeddable":true,"href":"https:\/\/hronekpartners.cz\/ru\/wp-json\/wp\/v2\/users\/1"}],"replies":[{"embeddable":true,"href":"https:\/\/hronekpartners.cz\/ru\/wp-json\/wp\/v2\/comments?post=12290"}],"version-history":[{"count":2,"href":"https:\/\/hronekpartners.cz\/ru\/wp-json\/wp\/v2\/pages\/12290\/revisions"}],"predecessor-version":[{"id":12654,"href":"https:\/\/hronekpartners.cz\/ru\/wp-json\/wp\/v2\/pages\/12290\/revisions\/12654"}],"up":[{"embeddable":true,"href":"https:\/\/hronekpartners.cz\/ru\/wp-json\/wp\/v2\/pages\/7956"}],"wp:attachment":[{"href":"https:\/\/hronekpartners.cz\/ru\/wp-json\/wp\/v2\/media?parent=12290"}],"curies":[{"name":"wp","href":"https:\/\/api.w.org\/{rel}","templated":true}]}}