{"id":12294,"date":"2021-03-03T22:28:02","date_gmt":"2021-03-03T21:28:02","guid":{"rendered":"http:\/\/hronekpartners.cz\/?page_id=12294"},"modified":"2021-06-13T22:11:54","modified_gmt":"2021-06-13T20:11:54","slug":"sluzby-pro-najemce","status":"publish","type":"page","link":"https:\/\/hronekpartners.cz\/de\/poradenstvi\/sluzby-pro-najemce\/","title":{"rendered":"Dienstleistungen f\u00fcr Mieter"},"content":{"rendered":"<div class=\"row\"><div class=\"wpv-grid grid-1-4  wpv-first-level first unextended\" style=\"padding-top:0px;padding-bottom:0px\" id=\"wpv-column-10de2653d59e5c011d04039689d05837\" ><p>\t\t<div data-elementor-type=\"section\" data-elementor-id=\"12013\" class=\"elementor elementor-12013\" data-elementor-settings=\"[]\">\n\t\t<div class=\"elementor-section-wrap\">\n\t\t\t\t\t<section class=\"elementor-section elementor-top-section elementor-element elementor-element-7f1deb2 elementor-section-boxed elementor-section-height-default elementor-section-height-default\" data-id=\"7f1deb2\" data-element_type=\"section\">\n\t\t\t\t\t\t<div class=\"elementor-container elementor-column-gap-default\">\n\t\t\t\t\t\t\t<div class=\"elementor-row\">\n\t\t\t\t\t<div class=\"elementor-column elementor-col-100 elementor-top-column elementor-element elementor-element-cec04e8\" data-id=\"cec04e8\" data-element_type=\"column\">\n\t\t\t<div class=\"elementor-column-wrap elementor-element-populated\">\n\t\t\t\t\t\t\t<div class=\"elementor-widget-wrap\">\n\t\t\t\t\t\t<div class=\"elementor-element elementor-element-3644a81 elementor-widget elementor-widget-text-editor\" data-id=\"3644a81\" data-element_type=\"widget\" data-widget_type=\"text-editor.default\">\n\t\t\t\t<div class=\"elementor-widget-container\">\n\t\t\t\t\t<div class=\"elementor-text-editor elementor-clearfix\"><p>Slu\u017eby<\/p><\/div>\n\t\t\t\t<\/div>\n\t\t\t\t<\/div>\n\t\t\t\t<div class=\"elementor-element elementor-element-573b635 elementor-widget-divider--view-line elementor-widget elementor-widget-divider\" data-id=\"573b635\" data-element_type=\"widget\" data-widget_type=\"divider.default\">\n\t\t\t\t<div class=\"elementor-widget-container\">\n\t\t\t\t\t<div class=\"elementor-divider\">\n\t\t\t<span class=\"elementor-divider-separator\">\n\t\t\t\t\t\t<\/span>\n\t\t<\/div>\n\t\t\t\t<\/div>\n\t\t\t\t<\/div>\n\t\t\t\t<div class=\"elementor-element elementor-element-b63477a elementor-mobile-align-center elementor-widget elementor-widget-button\" data-id=\"b63477a\" data-element_type=\"widget\" data-widget_type=\"button.default\">\n\t\t\t\t<div class=\"elementor-widget-container\">\n\t\t\t\t\t<div class=\"elementor-button-wrapper\">\n\t\t\t<a href=\"https:\/\/hronekpartners.cz\/de\/poradenstvi\/prodej-nemovitosti\/\" class=\"elementor-button-link elementor-button elementor-size-sm\" role=\"button\">\n\t\t\t\t\t\t<span class=\"elementor-button-content-wrapper\">\n\t\t\t\t\t\t<span class=\"elementor-button-text\">Immobilienverkauf<\/span>\n\t\t<\/span>\n\t\t\t\t\t<\/a>\n\t\t<\/div>\n\t\t\t\t<\/div>\n\t\t\t\t<\/div>\n\t\t\t\t<div class=\"elementor-element elementor-element-7e6f13e elementor-widget-divider--view-line elementor-widget elementor-widget-divider\" data-id=\"7e6f13e\" data-element_type=\"widget\" data-widget_type=\"divider.default\">\n\t\t\t\t<div class=\"elementor-widget-container\">\n\t\t\t\t\t<div class=\"elementor-divider\">\n\t\t\t<span class=\"elementor-divider-separator\">\n\t\t\t\t\t\t<\/span>\n\t\t<\/div>\n\t\t\t\t<\/div>\n\t\t\t\t<\/div>\n\t\t\t\t<div class=\"elementor-element elementor-element-2af9099 elementor-widget elementor-widget-spacer\" data-id=\"2af9099\" data-element_type=\"widget\" data-widget_type=\"spacer.default\">\n\t\t\t\t<div class=\"elementor-widget-container\">\n\t\t\t\t\t<div class=\"elementor-spacer\">\n\t\t\t<div class=\"elementor-spacer-inner\"><\/div>\n\t\t<\/div>\n\t\t\t\t<\/div>\n\t\t\t\t<\/div>\n\t\t\t\t<div class=\"elementor-element elementor-element-45b2a5b elementor-mobile-align-center elementor-align-left elementor-widget elementor-widget-button\" data-id=\"45b2a5b\" data-element_type=\"widget\" data-widget_type=\"button.default\">\n\t\t\t\t<div class=\"elementor-widget-container\">\n\t\t\t\t\t<div class=\"elementor-button-wrapper\">\n\t\t\t<a href=\"https:\/\/hronekpartners.cz\/de\/poradenstvi\/investice-do-nemovitosti\/\" class=\"elementor-button-link elementor-button elementor-size-sm\" role=\"button\">\n\t\t\t\t\t\t<span class=\"elementor-button-content-wrapper\">\n\t\t\t\t\t\t<span class=\"elementor-button-text\">Immobilieninvestition<\/span>\n\t\t<\/span>\n\t\t\t\t\t<\/a>\n\t\t<\/div>\n\t\t\t\t<\/div>\n\t\t\t\t<\/div>\n\t\t\t\t<div class=\"elementor-element elementor-element-df23d36 elementor-widget-divider--view-line elementor-widget elementor-widget-divider\" data-id=\"df23d36\" data-element_type=\"widget\" data-widget_type=\"divider.default\">\n\t\t\t\t<div class=\"elementor-widget-container\">\n\t\t\t\t\t<div class=\"elementor-divider\">\n\t\t\t<span class=\"elementor-divider-separator\">\n\t\t\t\t\t\t<\/span>\n\t\t<\/div>\n\t\t\t\t<\/div>\n\t\t\t\t<\/div>\n\t\t\t\t<div class=\"elementor-element elementor-element-5e12378 elementor-mobile-align-center elementor-align-left elementor-widget elementor-widget-button\" data-id=\"5e12378\" data-element_type=\"widget\" data-widget_type=\"button.default\">\n\t\t\t\t<div class=\"elementor-widget-container\">\n\t\t\t\t\t<div class=\"elementor-button-wrapper\">\n\t\t\t<a href=\"https:\/\/hronekpartners.cz\/de\/poradenstvi\/pronajem-nemovitosti\/\" class=\"elementor-button-link elementor-button elementor-size-sm\" role=\"button\">\n\t\t\t\t\t\t<span class=\"elementor-button-content-wrapper\">\n\t\t\t\t\t\t<span class=\"elementor-button-text\">Immobilienverkauf<\/span>\n\t\t<\/span>\n\t\t\t\t\t<\/a>\n\t\t<\/div>\n\t\t\t\t<\/div>\n\t\t\t\t<\/div>\n\t\t\t\t<div class=\"elementor-element elementor-element-70687fe elementor-widget-divider--view-line elementor-widget elementor-widget-divider\" data-id=\"70687fe\" data-element_type=\"widget\" data-widget_type=\"divider.default\">\n\t\t\t\t<div class=\"elementor-widget-container\">\n\t\t\t\t\t<div class=\"elementor-divider\">\n\t\t\t<span class=\"elementor-divider-separator\">\n\t\t\t\t\t\t<\/span>\n\t\t<\/div>\n\t\t\t\t<\/div>\n\t\t\t\t<\/div>\n\t\t\t\t<div class=\"elementor-element elementor-element-f53455b elementor-mobile-align-center elementor-align-left elementor-widget elementor-widget-button\" data-id=\"f53455b\" data-element_type=\"widget\" data-widget_type=\"button.default\">\n\t\t\t\t<div class=\"elementor-widget-container\">\n\t\t\t\t\t<div class=\"elementor-button-wrapper\">\n\t\t\t<a href=\"https:\/\/hronekpartners.cz\/de\/poradenstvi\/developerske-projekty\/\" class=\"elementor-button-link elementor-button elementor-size-sm\" role=\"button\">\n\t\t\t\t\t\t<span class=\"elementor-button-content-wrapper\">\n\t\t\t\t\t\t<span class=\"elementor-button-text\">Developerprojekte<\/span>\n\t\t<\/span>\n\t\t\t\t\t<\/a>\n\t\t<\/div>\n\t\t\t\t<\/div>\n\t\t\t\t<\/div>\n\t\t\t\t<div class=\"elementor-element elementor-element-eb5382d elementor-widget-divider--view-line elementor-widget elementor-widget-divider\" data-id=\"eb5382d\" data-element_type=\"widget\" data-widget_type=\"divider.default\">\n\t\t\t\t<div class=\"elementor-widget-container\">\n\t\t\t\t\t<div class=\"elementor-divider\">\n\t\t\t<span class=\"elementor-divider-separator\">\n\t\t\t\t\t\t<\/span>\n\t\t<\/div>\n\t\t\t\t<\/div>\n\t\t\t\t<\/div>\n\t\t\t\t<div class=\"elementor-element elementor-element-06b3103 elementor-mobile-align-center elementor-align-left elementor-widget elementor-widget-button\" data-id=\"06b3103\" data-element_type=\"widget\" data-widget_type=\"button.default\">\n\t\t\t\t<div class=\"elementor-widget-container\">\n\t\t\t\t\t<div class=\"elementor-button-wrapper\">\n\t\t\t<a href=\"https:\/\/hronekpartners.cz\/de\/poradenstvi\/financovani-nemovitostnich-projektu\/\" class=\"elementor-button-link elementor-button elementor-size-sm\" role=\"button\">\n\t\t\t\t\t\t<span class=\"elementor-button-content-wrapper\">\n\t\t\t\t\t\t<span class=\"elementor-button-text\">Finanzierung von Immobilienprojekten<\/span>\n\t\t<\/span>\n\t\t\t\t\t<\/a>\n\t\t<\/div>\n\t\t\t\t<\/div>\n\t\t\t\t<\/div>\n\t\t\t\t<div class=\"elementor-element elementor-element-4972234 elementor-widget-divider--view-line elementor-widget elementor-widget-divider\" data-id=\"4972234\" data-element_type=\"widget\" data-widget_type=\"divider.default\">\n\t\t\t\t<div class=\"elementor-widget-container\">\n\t\t\t\t\t<div class=\"elementor-divider\">\n\t\t\t<span class=\"elementor-divider-separator\">\n\t\t\t\t\t\t<\/span>\n\t\t<\/div>\n\t\t\t\t<\/div>\n\t\t\t\t<\/div>\n\t\t\t\t<div class=\"elementor-element elementor-element-f68bbd7 elementor-mobile-align-center elementor-align-left elementor-widget elementor-widget-button\" data-id=\"f68bbd7\" data-element_type=\"widget\" data-widget_type=\"button.default\">\n\t\t\t\t<div class=\"elementor-widget-container\">\n\t\t\t\t\t<div class=\"elementor-button-wrapper\">\n\t\t\t<a href=\"https:\/\/hronekpartners.cz\/de\/poradenstvi\/sluzby-pro-najemce\/\" class=\"elementor-button-link elementor-button elementor-size-sm\" role=\"button\">\n\t\t\t\t\t\t<span class=\"elementor-button-content-wrapper\">\n\t\t\t\t\t\t<span class=\"elementor-button-text\">Dienstleistungen f\u00fcr Mieter<\/span>\n\t\t<\/span>\n\t\t\t\t\t<\/a>\n\t\t<\/div>\n\t\t\t\t<\/div>\n\t\t\t\t<\/div>\n\t\t\t\t\t\t<\/div>\n\t\t\t\t\t<\/div>\n\t\t<\/div>\n\t\t\t\t\t\t\t\t<\/div>\n\t\t\t\t\t<\/div>\n\t\t<\/section>\n\t\t\t\t<\/div>\n\t\t<\/div>\n\t\t<\/div>\n<div class=\"wpv-grid grid-1-2  wpv-first-level unextended\" style=\"padding-top:0px;padding-bottom:0px\" id=\"wpv-column-d54dde9d1cc6591a3e750ac317bfd699\" ><div class=\"elementor-text-editor elementor-clearfix\">\n<p>Na\u0161\u00edm klient\u016fm jsme p\u0159ipraveni poskytnout odborn\u00e9 komplexn\u00ed poradenstv\u00ed v p\u0159\u00edpad\u011b pot\u0159eby pron\u00e1jmu prostor. Pot\u0159ebujete expandovat na nov\u00e9 trhy, v\u011bt\u0161\u00ed prostory, \u010di m\u00e1te v\u016fli optimalizovat n\u00e1klady spojen\u00e9 s\u00a0pron\u00e1jmem a provozem prostor? R\u00e1di V\u00e1m na z\u00e1klad\u011b V\u00e1mi specifikovan\u00fdch krit\u00e9rii vyhled\u00e1me a p\u0159edstav\u00edme vhodn\u00e9 prostory k\u00a0pron\u00e1jmu.<\/p>\n<p>Na\u0161e klienty zastupujeme v\u00a0i v p\u0159\u00edpad\u011b prodlou\u017een\u00ed n\u00e1jemn\u00ed smlouvy se st\u00e1vaj\u00edc\u00edm pronaj\u00edmatelem, a to za vyu\u017eit\u00ed komparativn\u00edch cenov\u00fdch nab\u00eddek obdobn\u00fdch prostor. Odm\u011bna pro na\u0161i je pak hrazena procentu\u00e1ln\u011b z\u00a0dosa\u017een\u00fdch \u00faspor na n\u00e1jemn\u00e9m. Ne v\u017edy po zapo\u010dten\u00ed v\u0161ech n\u00e1klad\u016f na relokaci toti\u017e zm\u011bna prostor p\u0159in\u00e1\u0161\u00ed c\u00edlenou finan\u010dn\u00ed \u00fasporu.<\/p>\n<p>D\u00edky na\u0161emu komplexn\u00edmu odborn\u00e9mu poradenstv\u00ed zajist\u00edme dosa\u017een\u00ed Va\u0161ich \u010dasov\u00fdch i finan\u010dn\u00edch \u00faspor.<\/p>\n<p><strong>Komplexn\u00ed slu\u017eby pro klienty maj\u00edc\u00ed v\u016fli si pronajmout nemovitost se skl\u00e1daj\u00ed p\u0159edev\u0161\u00edm z:<\/strong><\/p>\n<ul>\n<li style=\"list-style-type: none;\">\n<ul>\n<li>Sezn\u00e1men\u00ed se s\u00a0aktu\u00e1ln\u00ed n\u00e1jemn\u00ed situac\u00ed klienta<\/li>\n<li>Detailn\u00ed sezn\u00e1men\u00ed se s\u00a0po\u017eadavky klienta<\/li>\n<li>Pr\u016fzkum trhu dle krit\u00e9ri\u00ed klienta<\/li>\n<li>P\u0159edstaven\u00ed u\u017e\u0161\u00edho v\u00fdb\u011bru vhodn\u00fdch prostor<\/li>\n<li>Nav\u00e1z\u00e1n\u00ed kontaktu s\u00a0vlastn\u00edky nemovitosti<\/li>\n<li>Zaji\u0161t\u011bn\u00ed prohl\u00eddek nemovitost\u00ed dle mo\u017enost\u00ed klienta<\/li>\n<li>Asistence p\u0159i technick\u00e9 anal\u00fdze<\/li>\n<li>Asistence p\u0159i pl\u00e1nov\u00e1n\u00ed mo\u017en\u00e9ho vyu\u017eit\u00ed prostor<\/li>\n<li>V\u00fdb\u011br vhodn\u00e9 nemovitosti<\/li>\n<li>Zaji\u0161t\u011bn\u00ed exkluzivn\u00ed pozice pro vyjedn\u00e1v\u00e1n\u00ed o pron\u00e1jmu<\/li>\n<li>Jedn\u00e1n\u00ed o podm\u00ednk\u00e1ch n\u00e1jemn\u00ed smlouvy ve prosp\u011bch klienta<\/li>\n<li>P\u0159\u00edprava n\u00e1vrhu zn\u011bn\u00ed smluvn\u00ed dokumentace<\/li>\n<li>Zaji\u0161t\u011bn\u00ed p\u0159ed\u00e1n\u00ed prostor<\/li>\n<li>N\u00e1sledn\u00e1 p\u00e9\u010de dle pot\u0159eb klienta<\/li>\n<\/ul>\n<\/li>\n<\/ul>\n<\/div><\/div>\n<div class=\"wpv-grid grid-1-4  wpv-first-level unextended\" style=\"padding-top:0px;padding-bottom:0px\" id=\"wpv-column-df5b6758e4f8bfbab921b4e08220a632\" ><p>\t\t<div data-elementor-type=\"section\" data-elementor-id=\"12017\" class=\"elementor elementor-12017\" data-elementor-settings=\"[]\">\n\t\t<div class=\"elementor-section-wrap\">\n\t\t\t\t\t<section class=\"elementor-section elementor-top-section elementor-element elementor-element-5bc9a34 elementor-section-boxed elementor-section-height-default elementor-section-height-default\" data-id=\"5bc9a34\" data-element_type=\"section\">\n\t\t\t\t\t\t<div class=\"elementor-container elementor-column-gap-default\">\n\t\t\t\t\t\t\t<div class=\"elementor-row\">\n\t\t\t\t\t<div class=\"elementor-column elementor-col-50 elementor-top-column elementor-element elementor-element-0ca313b\" data-id=\"0ca313b\" data-element_type=\"column\">\n\t\t\t<div class=\"elementor-column-wrap\">\n\t\t\t\t\t\t\t<div class=\"elementor-widget-wrap\">\n\t\t\t\t\t\t\t\t<\/div>\n\t\t\t\t\t<\/div>\n\t\t<\/div>\n\t\t\t\t<div class=\"elementor-column elementor-col-50 elementor-top-column elementor-element elementor-element-84c5a16\" data-id=\"84c5a16\" data-element_type=\"column\">\n\t\t\t<div class=\"elementor-column-wrap elementor-element-populated\">\n\t\t\t\t\t\t\t<div class=\"elementor-widget-wrap\">\n\t\t\t\t\t\t<div class=\"elementor-element elementor-element-f93e4e2 elementor-widget elementor-widget-html\" data-id=\"f93e4e2\" data-element_type=\"widget\" data-widget_type=\"html.default\">\n\t\t\t\t<div class=\"elementor-widget-container\">\n\t\t\t\r\n\r\n<h4 style=\"padding-left: 15px; padding-top: 20px;\">KL\u00cd\u010cOV\u00dd KONTAKT<\/h4>\r\n<p style=\"padding-left: 15px;\"><strong>Jan Hronek<\/strong> <br><br>Tel: +420 777 800 746 <br>\r\n<a href=\"mailto:support@vamtam.com\">jan@hronekpartners.cz<\/a><\/p>\r\n<p style=\"padding-left: 15px;\"\r\n\r\n<p><a href=\"https:\/\/www.linkedin.com\/in\/jan-hronek\/\"><span class=\"icon shortcode theme  use-hover\" style=\"font-size:16px !important;color:#CCA876;\">\ue618<\/span><\/a>\r\n<\/p>\r\n\r\n\t\t<\/div>\n\t\t\t\t<\/div>\n\t\t\t\t\t\t<\/div>\n\t\t\t\t\t<\/div>\n\t\t<\/div>\n\t\t\t\t\t\t\t\t<\/div>\n\t\t\t\t\t<\/div>\n\t\t<\/section>\n\t\t\t\t<\/div>\n\t\t<\/div>\n\t\t<\/div><\/div>\n<div class=\"push\" style='height:40px'><\/div>\n<div class=\"row\"><div class=\"wpv-grid grid-1-1  wpv-first-level parallax-bg first extended\" style=\"padding-top:0px;padding-bottom:50px\" id=\"REQUEST-CONSULTATION\"  data-parallax-method=\"to-centre\" data-parallax-inertia=\"-0.2\"><div class=\"extended-column-inner\">\t\t<h2 class=\"text-divider-double\">\t\t\t\nKONTAKTIEREN SIE UNS\t\t<\/h2>\t\t<div class=\"sep\"><\/div>\t\n<div class=\"row\"><div class=\"wpv-grid grid-1-1  first unextended\" style=\"padding-top:0px;padding-bottom:0px\" id=\"wpv-column-de861cd3ae428ac39d0a81b896848b79\" ><div class=\"push\" style='margin-bottom:-20px'><\/div>\n<p style=\"text-align: center;\"><span class=\"vamtam-font-style-2 accent-4\">Napi\u0161te n\u00e1m a domluvte si osobn\u00ed konzultaci. <\/span><\/p>\n<div class=\"push\" style='height:20px'><\/div><\/div><\/div>\n<div class=\"row\"><div class=\"wpv-grid grid-1-1  first unextended\" style=\"padding-top:0px;padding-bottom:0px\" id=\"wpv-column-9ed42e37189d0c8b3ee4afb538d09e50\" ><p><div role=\"form\" class=\"wpcf7\" id=\"wpcf7-f9392-o1\" lang=\"en-US\" dir=\"ltr\">\n<div class=\"screen-reader-response\"><p role=\"status\" aria-live=\"polite\" aria-atomic=\"true\"><\/p> <ul><\/ul><\/div>\n<form action=\"\/de\/wp-json\/wp\/v2\/pages\/12294#wpcf7-f9392-o1\" method=\"post\" class=\"wpcf7-form init\" novalidate=\"novalidate\" data-status=\"init\" data-trp-original-action=\"\/de\/wp-json\/wp\/v2\/pages\/12294#wpcf7-f9392-o1\">\n<div style=\"display: none;\">\n<input type=\"hidden\" name=\"_wpcf7\" value=\"9392\" \/>\n<input type=\"hidden\" name=\"_wpcf7_version\" value=\"5.4\" \/>\n<input type=\"hidden\" name=\"_wpcf7_locale\" value=\"en_US\" \/>\n<input type=\"hidden\" name=\"_wpcf7_unit_tag\" value=\"wpcf7-f9392-o1\" \/>\n<input type=\"hidden\" name=\"_wpcf7_container_post\" value=\"0\" \/>\n<input type=\"hidden\" name=\"_wpcf7_posted_data_hash\" value=\"\" \/>\n<\/div>\n<div class=\"vamtam-rsvp-form\">\n<div class=\"row\">\n<div class=\"grid-1-3\">\n\t\t\t<span class=\"wpcf7-form-control-wrap your-name\"><input type=\"text\" name=\"your-name\" value=\"\" size=\"40\" class=\"wpcf7-form-control wpcf7-text wpcf7-validates-as-required\" id=\"your-name\" aria-required=\"true\" aria-invalid=\"false\" placeholder=\"Vor- und Nachname\" \/><\/span>\n\t\t<\/div>\n<div class=\"grid-1-3\">\n\t\t\t<span class=\"wpcf7-form-control-wrap Phone\"><input type=\"text\" name=\"Phone\" value=\"\" size=\"40\" class=\"wpcf7-form-control wpcf7-text wpcf7-validates-as-required\" id=\"Phone\" aria-required=\"true\" aria-invalid=\"false\" placeholder=\"Telefon\" \/><\/span>\n\t\t<\/div>\n<div class=\"grid-1-3\">\n\t\t\t<span class=\"wpcf7-form-control-wrap email\"><input type=\"text\" name=\"email\" value=\"\" size=\"40\" class=\"wpcf7-form-control wpcf7-text wpcf7-validates-as-required\" id=\"email\" aria-required=\"true\" aria-invalid=\"false\" placeholder=\"E-Mailadresse\" \/><\/span>\n\t\t<\/div>\n<div class=\"grid-1-1\">\n\t\t\t<span class=\"wpcf7-form-control-wrap our-message\"><textarea name=\"our-message\" cols=\"40\" rows=\"5\" class=\"wpcf7-form-control wpcf7-textarea wpcf7-validates-as-required\" id=\"message\" aria-required=\"true\" aria-invalid=\"false\" placeholder=\"Ihre Nachricht\"><\/textarea><\/span>\n\t\t<\/div>\n<\/div>\n<div style= \"text-align: center;\"><input type=\"submit\" value=\"ABSCHICKEN \u2192\" class=\"wpcf7-form-control wpcf7-submit\" \/><\/div>\n<\/div>\n<div class=\"wpcf7-response-output\" aria-hidden=\"true\"><\/div><input type=\"hidden\" name=\"trp-form-language\" value=\"de\"\/><\/form><\/div><\/div><\/div><\/div><\/div><\/div>","protected":false},"excerpt":{"rendered":"<p>Na\u0161\u00edm klient\u016fm jsme p\u0159ipraveni poskytnout odborn\u00e9 komplexn\u00ed poradenstv\u00ed v p\u0159\u00edpad\u011b pot\u0159eby pron\u00e1jmu prostor. Pot\u0159ebujete expandovat na nov\u00e9 trhy, v\u011bt\u0161\u00ed prostory, \u010di m\u00e1te v\u016fli optimalizovat n\u00e1klady spojen\u00e9 s\u00a0pron\u00e1jmem a provozem prostor? R\u00e1di V\u00e1m na z\u00e1klad\u011b V\u00e1mi specifikovan\u00fdch krit\u00e9rii vyhled\u00e1me a p\u0159edstav\u00edme vhodn\u00e9 prostory k\u00a0pron\u00e1jmu. Na\u0161e klienty zastupujeme v\u00a0i v p\u0159\u00edpad\u011b prodlou\u017een\u00ed n\u00e1jemn\u00ed smlouvy se st\u00e1vaj\u00edc\u00edm pronaj\u00edmatelem,&#8230;<\/p>","protected":false},"author":1,"featured_media":0,"parent":7956,"menu_order":0,"comment_status":"closed","ping_status":"closed","template":"","meta":[],"_links":{"self":[{"href":"https:\/\/hronekpartners.cz\/de\/wp-json\/wp\/v2\/pages\/12294"}],"collection":[{"href":"https:\/\/hronekpartners.cz\/de\/wp-json\/wp\/v2\/pages"}],"about":[{"href":"https:\/\/hronekpartners.cz\/de\/wp-json\/wp\/v2\/types\/page"}],"author":[{"embeddable":true,"href":"https:\/\/hronekpartners.cz\/de\/wp-json\/wp\/v2\/users\/1"}],"replies":[{"embeddable":true,"href":"https:\/\/hronekpartners.cz\/de\/wp-json\/wp\/v2\/comments?post=12294"}],"version-history":[{"count":4,"href":"https:\/\/hronekpartners.cz\/de\/wp-json\/wp\/v2\/pages\/12294\/revisions"}],"predecessor-version":[{"id":12682,"href":"https:\/\/hronekpartners.cz\/de\/wp-json\/wp\/v2\/pages\/12294\/revisions\/12682"}],"up":[{"embeddable":true,"href":"https:\/\/hronekpartners.cz\/de\/wp-json\/wp\/v2\/pages\/7956"}],"wp:attachment":[{"href":"https:\/\/hronekpartners.cz\/de\/wp-json\/wp\/v2\/media?parent=12294"}],"curies":[{"name":"wp","href":"https:\/\/api.w.org\/{rel}","templated":true}]}}