{"id":12286,"date":"2021-03-03T22:18:51","date_gmt":"2021-03-03T21:18:51","guid":{"rendered":"http:\/\/hronekpartners.cz\/?page_id=12286"},"modified":"2021-06-13T21:49:06","modified_gmt":"2021-06-13T19:49:06","slug":"investice-do-nemovitosti","status":"publish","type":"page","link":"https:\/\/hronekpartners.cz\/de\/poradenstvi\/investice-do-nemovitosti\/","title":{"rendered":"Immobilieninvestition"},"content":{"rendered":"<div class=\"row\"><div class=\"wpv-grid grid-1-4  wpv-first-level first unextended\" style=\"padding-top:0px;padding-bottom:0px\" id=\"wpv-column-34c60ffd01bb93be643b6917c35ecdd9\" ><p>\t\t<div data-elementor-type=\"section\" data-elementor-id=\"12013\" class=\"elementor elementor-12013\" data-elementor-settings=\"[]\">\n\t\t<div class=\"elementor-section-wrap\">\n\t\t\t\t\t<section class=\"elementor-section elementor-top-section elementor-element elementor-element-7f1deb2 elementor-section-boxed elementor-section-height-default elementor-section-height-default\" data-id=\"7f1deb2\" data-element_type=\"section\">\n\t\t\t\t\t\t<div class=\"elementor-container elementor-column-gap-default\">\n\t\t\t\t\t\t\t<div class=\"elementor-row\">\n\t\t\t\t\t<div class=\"elementor-column elementor-col-100 elementor-top-column elementor-element elementor-element-cec04e8\" data-id=\"cec04e8\" data-element_type=\"column\">\n\t\t\t<div class=\"elementor-column-wrap elementor-element-populated\">\n\t\t\t\t\t\t\t<div class=\"elementor-widget-wrap\">\n\t\t\t\t\t\t<div class=\"elementor-element elementor-element-3644a81 elementor-widget elementor-widget-text-editor\" data-id=\"3644a81\" data-element_type=\"widget\" data-widget_type=\"text-editor.default\">\n\t\t\t\t<div class=\"elementor-widget-container\">\n\t\t\t\t\t<div class=\"elementor-text-editor elementor-clearfix\"><p>Slu\u017eby<\/p><\/div>\n\t\t\t\t<\/div>\n\t\t\t\t<\/div>\n\t\t\t\t<div class=\"elementor-element elementor-element-573b635 elementor-widget-divider--view-line elementor-widget elementor-widget-divider\" data-id=\"573b635\" data-element_type=\"widget\" data-widget_type=\"divider.default\">\n\t\t\t\t<div class=\"elementor-widget-container\">\n\t\t\t\t\t<div class=\"elementor-divider\">\n\t\t\t<span class=\"elementor-divider-separator\">\n\t\t\t\t\t\t<\/span>\n\t\t<\/div>\n\t\t\t\t<\/div>\n\t\t\t\t<\/div>\n\t\t\t\t<div class=\"elementor-element elementor-element-b63477a elementor-mobile-align-center elementor-widget elementor-widget-button\" data-id=\"b63477a\" data-element_type=\"widget\" data-widget_type=\"button.default\">\n\t\t\t\t<div class=\"elementor-widget-container\">\n\t\t\t\t\t<div class=\"elementor-button-wrapper\">\n\t\t\t<a href=\"https:\/\/hronekpartners.cz\/de\/poradenstvi\/prodej-nemovitosti\/\" class=\"elementor-button-link elementor-button elementor-size-sm\" role=\"button\">\n\t\t\t\t\t\t<span class=\"elementor-button-content-wrapper\">\n\t\t\t\t\t\t<span class=\"elementor-button-text\">Immobilienverkauf<\/span>\n\t\t<\/span>\n\t\t\t\t\t<\/a>\n\t\t<\/div>\n\t\t\t\t<\/div>\n\t\t\t\t<\/div>\n\t\t\t\t<div class=\"elementor-element elementor-element-7e6f13e elementor-widget-divider--view-line elementor-widget elementor-widget-divider\" data-id=\"7e6f13e\" data-element_type=\"widget\" data-widget_type=\"divider.default\">\n\t\t\t\t<div class=\"elementor-widget-container\">\n\t\t\t\t\t<div class=\"elementor-divider\">\n\t\t\t<span class=\"elementor-divider-separator\">\n\t\t\t\t\t\t<\/span>\n\t\t<\/div>\n\t\t\t\t<\/div>\n\t\t\t\t<\/div>\n\t\t\t\t<div class=\"elementor-element elementor-element-2af9099 elementor-widget elementor-widget-spacer\" data-id=\"2af9099\" data-element_type=\"widget\" data-widget_type=\"spacer.default\">\n\t\t\t\t<div class=\"elementor-widget-container\">\n\t\t\t\t\t<div class=\"elementor-spacer\">\n\t\t\t<div class=\"elementor-spacer-inner\"><\/div>\n\t\t<\/div>\n\t\t\t\t<\/div>\n\t\t\t\t<\/div>\n\t\t\t\t<div class=\"elementor-element elementor-element-45b2a5b elementor-mobile-align-center elementor-align-left elementor-widget elementor-widget-button\" data-id=\"45b2a5b\" data-element_type=\"widget\" data-widget_type=\"button.default\">\n\t\t\t\t<div class=\"elementor-widget-container\">\n\t\t\t\t\t<div class=\"elementor-button-wrapper\">\n\t\t\t<a href=\"https:\/\/hronekpartners.cz\/de\/poradenstvi\/investice-do-nemovitosti\/\" class=\"elementor-button-link elementor-button elementor-size-sm\" role=\"button\">\n\t\t\t\t\t\t<span class=\"elementor-button-content-wrapper\">\n\t\t\t\t\t\t<span class=\"elementor-button-text\">Immobilieninvestition<\/span>\n\t\t<\/span>\n\t\t\t\t\t<\/a>\n\t\t<\/div>\n\t\t\t\t<\/div>\n\t\t\t\t<\/div>\n\t\t\t\t<div class=\"elementor-element elementor-element-df23d36 elementor-widget-divider--view-line elementor-widget elementor-widget-divider\" data-id=\"df23d36\" data-element_type=\"widget\" data-widget_type=\"divider.default\">\n\t\t\t\t<div class=\"elementor-widget-container\">\n\t\t\t\t\t<div class=\"elementor-divider\">\n\t\t\t<span class=\"elementor-divider-separator\">\n\t\t\t\t\t\t<\/span>\n\t\t<\/div>\n\t\t\t\t<\/div>\n\t\t\t\t<\/div>\n\t\t\t\t<div class=\"elementor-element elementor-element-5e12378 elementor-mobile-align-center elementor-align-left elementor-widget elementor-widget-button\" data-id=\"5e12378\" data-element_type=\"widget\" data-widget_type=\"button.default\">\n\t\t\t\t<div class=\"elementor-widget-container\">\n\t\t\t\t\t<div class=\"elementor-button-wrapper\">\n\t\t\t<a href=\"https:\/\/hronekpartners.cz\/de\/poradenstvi\/pronajem-nemovitosti\/\" class=\"elementor-button-link elementor-button elementor-size-sm\" role=\"button\">\n\t\t\t\t\t\t<span class=\"elementor-button-content-wrapper\">\n\t\t\t\t\t\t<span class=\"elementor-button-text\">Immobilienverkauf<\/span>\n\t\t<\/span>\n\t\t\t\t\t<\/a>\n\t\t<\/div>\n\t\t\t\t<\/div>\n\t\t\t\t<\/div>\n\t\t\t\t<div class=\"elementor-element elementor-element-70687fe elementor-widget-divider--view-line elementor-widget elementor-widget-divider\" data-id=\"70687fe\" data-element_type=\"widget\" data-widget_type=\"divider.default\">\n\t\t\t\t<div class=\"elementor-widget-container\">\n\t\t\t\t\t<div class=\"elementor-divider\">\n\t\t\t<span class=\"elementor-divider-separator\">\n\t\t\t\t\t\t<\/span>\n\t\t<\/div>\n\t\t\t\t<\/div>\n\t\t\t\t<\/div>\n\t\t\t\t<div class=\"elementor-element elementor-element-f53455b elementor-mobile-align-center elementor-align-left elementor-widget elementor-widget-button\" data-id=\"f53455b\" data-element_type=\"widget\" data-widget_type=\"button.default\">\n\t\t\t\t<div class=\"elementor-widget-container\">\n\t\t\t\t\t<div class=\"elementor-button-wrapper\">\n\t\t\t<a href=\"https:\/\/hronekpartners.cz\/de\/poradenstvi\/developerske-projekty\/\" class=\"elementor-button-link elementor-button elementor-size-sm\" role=\"button\">\n\t\t\t\t\t\t<span class=\"elementor-button-content-wrapper\">\n\t\t\t\t\t\t<span class=\"elementor-button-text\">Developerprojekte<\/span>\n\t\t<\/span>\n\t\t\t\t\t<\/a>\n\t\t<\/div>\n\t\t\t\t<\/div>\n\t\t\t\t<\/div>\n\t\t\t\t<div class=\"elementor-element elementor-element-eb5382d elementor-widget-divider--view-line elementor-widget elementor-widget-divider\" data-id=\"eb5382d\" data-element_type=\"widget\" data-widget_type=\"divider.default\">\n\t\t\t\t<div class=\"elementor-widget-container\">\n\t\t\t\t\t<div class=\"elementor-divider\">\n\t\t\t<span class=\"elementor-divider-separator\">\n\t\t\t\t\t\t<\/span>\n\t\t<\/div>\n\t\t\t\t<\/div>\n\t\t\t\t<\/div>\n\t\t\t\t<div class=\"elementor-element elementor-element-06b3103 elementor-mobile-align-center elementor-align-left elementor-widget elementor-widget-button\" data-id=\"06b3103\" data-element_type=\"widget\" data-widget_type=\"button.default\">\n\t\t\t\t<div class=\"elementor-widget-container\">\n\t\t\t\t\t<div class=\"elementor-button-wrapper\">\n\t\t\t<a href=\"https:\/\/hronekpartners.cz\/de\/poradenstvi\/financovani-nemovitostnich-projektu\/\" class=\"elementor-button-link elementor-button elementor-size-sm\" role=\"button\">\n\t\t\t\t\t\t<span class=\"elementor-button-content-wrapper\">\n\t\t\t\t\t\t<span class=\"elementor-button-text\">Finanzierung von Immobilienprojekten<\/span>\n\t\t<\/span>\n\t\t\t\t\t<\/a>\n\t\t<\/div>\n\t\t\t\t<\/div>\n\t\t\t\t<\/div>\n\t\t\t\t<div class=\"elementor-element elementor-element-4972234 elementor-widget-divider--view-line elementor-widget elementor-widget-divider\" data-id=\"4972234\" data-element_type=\"widget\" data-widget_type=\"divider.default\">\n\t\t\t\t<div class=\"elementor-widget-container\">\n\t\t\t\t\t<div class=\"elementor-divider\">\n\t\t\t<span class=\"elementor-divider-separator\">\n\t\t\t\t\t\t<\/span>\n\t\t<\/div>\n\t\t\t\t<\/div>\n\t\t\t\t<\/div>\n\t\t\t\t<div class=\"elementor-element elementor-element-f68bbd7 elementor-mobile-align-center elementor-align-left elementor-widget elementor-widget-button\" data-id=\"f68bbd7\" data-element_type=\"widget\" data-widget_type=\"button.default\">\n\t\t\t\t<div class=\"elementor-widget-container\">\n\t\t\t\t\t<div class=\"elementor-button-wrapper\">\n\t\t\t<a href=\"https:\/\/hronekpartners.cz\/de\/poradenstvi\/sluzby-pro-najemce\/\" class=\"elementor-button-link elementor-button elementor-size-sm\" role=\"button\">\n\t\t\t\t\t\t<span class=\"elementor-button-content-wrapper\">\n\t\t\t\t\t\t<span class=\"elementor-button-text\">Dienstleistungen f\u00fcr Mieter<\/span>\n\t\t<\/span>\n\t\t\t\t\t<\/a>\n\t\t<\/div>\n\t\t\t\t<\/div>\n\t\t\t\t<\/div>\n\t\t\t\t\t\t<\/div>\n\t\t\t\t\t<\/div>\n\t\t<\/div>\n\t\t\t\t\t\t\t\t<\/div>\n\t\t\t\t\t<\/div>\n\t\t<\/section>\n\t\t\t\t<\/div>\n\t\t<\/div>\n\t\t<\/div>\n<div class=\"wpv-grid grid-1-2  wpv-first-level unextended\" style=\"padding-top:0px;padding-bottom:0px\" id=\"wpv-column-c204245da2d2614fd70219b097220663\" ><div class=\"elementor-text-editor elementor-clearfix\">\n<p>Na z\u00e1klad\u011b detailn\u00edho se sezn\u00e1men\u00ed se z\u00e1jmy investora vyhled\u00e1me za pomoci\u00a0na\u0161\u00ed neve\u0159ejn\u00e9 datab\u00e1ze nemovitost\u00ed vhodn\u00e9 investi\u010dn\u00ed c\u00edle napl\u0148uj\u00edc\u00ed specifikovan\u00e1 investi\u010dn\u00ed krit\u00e9ria. N\u00e1\u0161 odborn\u00fd t\u00fdm je tak v\u017edy klient\u016fm p\u0159ipraven zajistit \u0159adu atraktivn\u00edch investi\u010dn\u00edch p\u0159\u00edle\u017eitost\u00ed.<\/p>\n<p>Investor\u016fm poskytuje nadstandardn\u00ed servis po celou dobu vyhled\u00e1v\u00e1n\u00ed a realizace transakce. Na\u0161\u00edm servisem tak pro klienty zajist\u00edme nejenom akvizici lukrativn\u00edch nemovitost\u00ed za atraktivn\u00edch cenov\u00fdch podm\u00ednek, ale i jim zna\u010dn\u011b u\u0161et\u0159\u00edme jejich \u010dasov\u00fd fond.<\/p>\n<p><strong>Komplexn\u00ed slu\u017eby pro klienty kupuj\u00edc\u00ed nemovitost se skl\u00e1daj\u00ed p\u0159edev\u0161\u00edm z:<\/strong><\/p>\n<ul>\n<li style=\"list-style-type: none;\">\n<ul>\n<li>Sezn\u00e1men\u00ed se s\u00a0investi\u010dn\u00edmi krit\u00e9rii klienta<\/li>\n<li>Pr\u016fzkum trhu<\/li>\n<li>P\u0159edstaven\u00ed u\u017e\u0161\u00edho v\u00fdb\u011bru investi\u010dn\u00edch c\u00edl\u016f<\/li>\n<li>Kvalifikovan\u00e9ho odhadu transak\u010dn\u00ed ceny<\/li>\n<li>Studie tr\u017en\u00edho potenci\u00e1lu investi\u010dn\u00edch c\u00edl\u016f<\/li>\n<li>Predikci mo\u017en\u00e9ho v\u00fdvoje hodnoty investi\u010dn\u00edho c\u00edle<\/li>\n<li>Nav\u00e1z\u00e1n\u00ed kontaktu s\u00a0vlastn\u00edkem nemovitosti<\/li>\n<li>Zaji\u0161t\u011bn\u00ed prohl\u00eddky nemovitosti dle mo\u017enost\u00ed klienta<\/li>\n<li>Vyhotoven\u00ed dokumentace (Letter of Intent)<\/li>\n<li>Zaji\u0161t\u011bn\u00ed exkluzivn\u00ed pozice pro vyjedn\u00e1v\u00e1n\u00ed o akvizici<\/li>\n<li>Jedn\u00e1n\u00ed o transak\u010dn\u00edch podm\u00ednk\u00e1ch ve prosp\u011bch investora<\/li>\n<li>Dosa\u017een\u00ed nejlep\u0161\u00ed akvizi\u010dn\u00ed ceny<\/li>\n<li>Zaji\u0161t\u011bn\u00ed ve\u0161ker\u00fdch podklad\u016f nutn\u00fdch pro Due Diligence<\/li>\n<li>Koordinace Due Diligence a zaji\u0161t\u011bn\u00ed odborn\u00fdch partner\u016f<\/li>\n<li>N\u00e1vrh struktury financov\u00e1n\u00ed transakce<\/li>\n<li>Zaji\u0161t\u011bn\u00ed a koordinace financov\u00e1n\u00ed akvizice<\/li>\n<li>P\u0159\u00edprava n\u00e1vrhu zn\u011bn\u00ed smluvn\u00ed dokumentace<\/li>\n<li>Asistence p\u0159i vypo\u0159\u00e1d\u00e1v\u00e1n\u00ed transakce<\/li>\n<li>Nastaven\u00ed proces\u016f pro maxim\u00e1ln\u00ed synergii portfolia<\/li>\n<li>Zaji\u0161t\u011bn\u00ed p\u0159\u00edpadn\u00e9 spr\u00e1vy objektu<\/li>\n<\/ul>\n<\/li>\n<\/ul>\n<ul>\n<li style=\"list-style-type: none;\"><\/li>\n<\/ul>\n<div><span style=\"color: #7c7f82; font-family: Georgia, serif;\">\u00a0<\/span><\/div>\n<div><span style=\"color: #7c7f82; font-family: Georgia, serif;\">\u00a0<\/span><\/div>\n<\/div><\/div>\n<div class=\"wpv-grid grid-1-4  wpv-first-level unextended\" style=\"padding-top:0px;padding-bottom:0px\" id=\"wpv-column-afe0fe6e799d25b21691a3bd3667da99\" ><p>\t\t<div data-elementor-type=\"section\" data-elementor-id=\"12017\" class=\"elementor elementor-12017\" data-elementor-settings=\"[]\">\n\t\t<div class=\"elementor-section-wrap\">\n\t\t\t\t\t<section class=\"elementor-section elementor-top-section elementor-element elementor-element-5bc9a34 elementor-section-boxed elementor-section-height-default elementor-section-height-default\" data-id=\"5bc9a34\" data-element_type=\"section\">\n\t\t\t\t\t\t<div class=\"elementor-container elementor-column-gap-default\">\n\t\t\t\t\t\t\t<div class=\"elementor-row\">\n\t\t\t\t\t<div class=\"elementor-column elementor-col-50 elementor-top-column elementor-element elementor-element-0ca313b\" data-id=\"0ca313b\" data-element_type=\"column\">\n\t\t\t<div class=\"elementor-column-wrap\">\n\t\t\t\t\t\t\t<div class=\"elementor-widget-wrap\">\n\t\t\t\t\t\t\t\t<\/div>\n\t\t\t\t\t<\/div>\n\t\t<\/div>\n\t\t\t\t<div class=\"elementor-column elementor-col-50 elementor-top-column elementor-element elementor-element-84c5a16\" data-id=\"84c5a16\" data-element_type=\"column\">\n\t\t\t<div class=\"elementor-column-wrap elementor-element-populated\">\n\t\t\t\t\t\t\t<div class=\"elementor-widget-wrap\">\n\t\t\t\t\t\t<div class=\"elementor-element elementor-element-f93e4e2 elementor-widget elementor-widget-html\" data-id=\"f93e4e2\" data-element_type=\"widget\" data-widget_type=\"html.default\">\n\t\t\t\t<div class=\"elementor-widget-container\">\n\t\t\t\r\n\r\n<h4 style=\"padding-left: 15px; padding-top: 20px;\">KL\u00cd\u010cOV\u00dd KONTAKT<\/h4>\r\n<p style=\"padding-left: 15px;\"><strong>Jan Hronek<\/strong> <br><br>Tel: +420 777 800 746 <br>\r\n<a href=\"mailto:support@vamtam.com\">jan@hronekpartners.cz<\/a><\/p>\r\n<p style=\"padding-left: 15px;\"\r\n\r\n<p><a href=\"https:\/\/www.linkedin.com\/in\/jan-hronek\/\"><span class=\"icon shortcode theme  use-hover\" style=\"font-size:16px !important;color:#CCA876;\">\ue618<\/span><\/a>\r\n<\/p>\r\n\r\n\t\t<\/div>\n\t\t\t\t<\/div>\n\t\t\t\t\t\t<\/div>\n\t\t\t\t\t<\/div>\n\t\t<\/div>\n\t\t\t\t\t\t\t\t<\/div>\n\t\t\t\t\t<\/div>\n\t\t<\/section>\n\t\t\t\t<\/div>\n\t\t<\/div>\n\t\t<\/div><\/div>\n<div class=\"push\" style='height:40px'><\/div>\n<div class=\"row\"><div class=\"wpv-grid grid-1-1  wpv-first-level parallax-bg first extended\" style=\"padding-top:0px;padding-bottom:50px\" id=\"REQUEST-CONSULTATION\"  data-parallax-method=\"to-centre\" data-parallax-inertia=\"-0.2\"><div class=\"extended-column-inner\">\t\t<h2 class=\"text-divider-double\">\t\t\t\nKONTAKTIEREN SIE UNS\t\t<\/h2>\t\t<div class=\"sep\"><\/div>\t\n<div class=\"row\"><div class=\"wpv-grid grid-1-1  first unextended\" style=\"padding-top:0px;padding-bottom:0px\" id=\"wpv-column-a102aa906b2b1aa34c4cca93e9a73b60\" ><div class=\"push\" style='margin-bottom:-20px'><\/div>\n<p style=\"text-align: center;\"><span class=\"vamtam-font-style-2 accent-4\">Napi\u0161te n\u00e1m a domluvte si osobn\u00ed konzultaci. <\/span><\/p>\n<div class=\"push\" style='height:20px'><\/div><\/div><\/div>\n<div class=\"row\"><div class=\"wpv-grid grid-1-1  first unextended\" style=\"padding-top:0px;padding-bottom:0px\" id=\"wpv-column-534adb4d9ddc31913645b53a968ef0fb\" ><p><div role=\"form\" class=\"wpcf7\" id=\"wpcf7-f9392-o1\" lang=\"en-US\" dir=\"ltr\">\n<div class=\"screen-reader-response\"><p role=\"status\" aria-live=\"polite\" aria-atomic=\"true\"><\/p> <ul><\/ul><\/div>\n<form action=\"\/de\/wp-json\/wp\/v2\/pages\/12286#wpcf7-f9392-o1\" method=\"post\" class=\"wpcf7-form init\" novalidate=\"novalidate\" data-status=\"init\" data-trp-original-action=\"\/de\/wp-json\/wp\/v2\/pages\/12286#wpcf7-f9392-o1\">\n<div style=\"display: none;\">\n<input type=\"hidden\" name=\"_wpcf7\" value=\"9392\" \/>\n<input type=\"hidden\" name=\"_wpcf7_version\" value=\"5.4\" \/>\n<input type=\"hidden\" name=\"_wpcf7_locale\" value=\"en_US\" \/>\n<input type=\"hidden\" name=\"_wpcf7_unit_tag\" value=\"wpcf7-f9392-o1\" \/>\n<input type=\"hidden\" name=\"_wpcf7_container_post\" value=\"0\" \/>\n<input type=\"hidden\" name=\"_wpcf7_posted_data_hash\" value=\"\" \/>\n<\/div>\n<div class=\"vamtam-rsvp-form\">\n<div class=\"row\">\n<div class=\"grid-1-3\">\n\t\t\t<span class=\"wpcf7-form-control-wrap your-name\"><input type=\"text\" name=\"your-name\" value=\"\" size=\"40\" class=\"wpcf7-form-control wpcf7-text wpcf7-validates-as-required\" id=\"your-name\" aria-required=\"true\" aria-invalid=\"false\" placeholder=\"Vor- und Nachname\" \/><\/span>\n\t\t<\/div>\n<div class=\"grid-1-3\">\n\t\t\t<span class=\"wpcf7-form-control-wrap Phone\"><input type=\"text\" name=\"Phone\" value=\"\" size=\"40\" class=\"wpcf7-form-control wpcf7-text wpcf7-validates-as-required\" id=\"Phone\" aria-required=\"true\" aria-invalid=\"false\" placeholder=\"Telefon\" \/><\/span>\n\t\t<\/div>\n<div class=\"grid-1-3\">\n\t\t\t<span class=\"wpcf7-form-control-wrap email\"><input type=\"text\" name=\"email\" value=\"\" size=\"40\" class=\"wpcf7-form-control wpcf7-text wpcf7-validates-as-required\" id=\"email\" aria-required=\"true\" aria-invalid=\"false\" placeholder=\"E-Mailadresse\" \/><\/span>\n\t\t<\/div>\n<div class=\"grid-1-1\">\n\t\t\t<span class=\"wpcf7-form-control-wrap our-message\"><textarea name=\"our-message\" cols=\"40\" rows=\"5\" class=\"wpcf7-form-control wpcf7-textarea wpcf7-validates-as-required\" id=\"message\" aria-required=\"true\" aria-invalid=\"false\" placeholder=\"Ihre Nachricht\"><\/textarea><\/span>\n\t\t<\/div>\n<\/div>\n<div style= \"text-align: center;\"><input type=\"submit\" value=\"ABSCHICKEN \u2192\" class=\"wpcf7-form-control wpcf7-submit\" \/><\/div>\n<\/div>\n<div class=\"wpcf7-response-output\" aria-hidden=\"true\"><\/div><input type=\"hidden\" name=\"trp-form-language\" value=\"de\"\/><\/form><\/div><\/div><\/div><\/div><\/div><\/div>","protected":false},"excerpt":{"rendered":"<p>Na z\u00e1klad\u011b detailn\u00edho se sezn\u00e1men\u00ed se z\u00e1jmy investora vyhled\u00e1me za pomoci\u00a0na\u0161\u00ed neve\u0159ejn\u00e9 datab\u00e1ze nemovitost\u00ed vhodn\u00e9 investi\u010dn\u00ed c\u00edle napl\u0148uj\u00edc\u00ed specifikovan\u00e1 investi\u010dn\u00ed krit\u00e9ria. N\u00e1\u0161 odborn\u00fd t\u00fdm je tak v\u017edy klient\u016fm p\u0159ipraven zajistit \u0159adu atraktivn\u00edch investi\u010dn\u00edch p\u0159\u00edle\u017eitost\u00ed. Investor\u016fm poskytuje nadstandardn\u00ed servis po celou dobu vyhled\u00e1v\u00e1n\u00ed a realizace transakce. Na\u0161\u00edm servisem tak pro klienty zajist\u00edme nejenom akvizici lukrativn\u00edch nemovitost\u00ed&#8230;<\/p>","protected":false},"author":1,"featured_media":0,"parent":7956,"menu_order":0,"comment_status":"closed","ping_status":"closed","template":"","meta":[],"_links":{"self":[{"href":"https:\/\/hronekpartners.cz\/de\/wp-json\/wp\/v2\/pages\/12286"}],"collection":[{"href":"https:\/\/hronekpartners.cz\/de\/wp-json\/wp\/v2\/pages"}],"about":[{"href":"https:\/\/hronekpartners.cz\/de\/wp-json\/wp\/v2\/types\/page"}],"author":[{"embeddable":true,"href":"https:\/\/hronekpartners.cz\/de\/wp-json\/wp\/v2\/users\/1"}],"replies":[{"embeddable":true,"href":"https:\/\/hronekpartners.cz\/de\/wp-json\/wp\/v2\/comments?post=12286"}],"version-history":[{"count":2,"href":"https:\/\/hronekpartners.cz\/de\/wp-json\/wp\/v2\/pages\/12286\/revisions"}],"predecessor-version":[{"id":12655,"href":"https:\/\/hronekpartners.cz\/de\/wp-json\/wp\/v2\/pages\/12286\/revisions\/12655"}],"up":[{"embeddable":true,"href":"https:\/\/hronekpartners.cz\/de\/wp-json\/wp\/v2\/pages\/7956"}],"wp:attachment":[{"href":"https:\/\/hronekpartners.cz\/de\/wp-json\/wp\/v2\/media?parent=12286"}],"curies":[{"name":"wp","href":"https:\/\/api.w.org\/{rel}","templated":true}]}}