{"id":12151,"date":"2021-02-26T14:29:40","date_gmt":"2021-02-26T13:29:40","guid":{"rendered":"http:\/\/hronekpartners.cz\/?page_id=12151"},"modified":"2021-06-16T22:10:50","modified_gmt":"2021-06-16T20:10:50","slug":"vlastni-investice","status":"publish","type":"page","link":"http:\/\/hronekpartners.cz\/de\/vlastni-investice\/","title":{"rendered":"Eigeninvestitionen"},"content":{"rendered":"<div data-elementor-type=\"wp-page\" data-elementor-id=\"12151\" class=\"elementor elementor-12151\" data-elementor-settings=\"[]\">\n\t\t\t\t\t\t<div class=\"elementor-inner\">\n\t\t\t\t\t\t\t<div class=\"elementor-section-wrap\">\n\t\t\t\t\t\t\t<section class=\"elementor-section elementor-top-section elementor-element elementor-element-5b000d2 elementor-section-boxed elementor-section-height-default elementor-section-height-default\" data-id=\"5b000d2\" data-element_type=\"section\">\n\t\t\t\t\t\t<div class=\"elementor-container elementor-column-gap-default\">\n\t\t\t\t\t\t\t<div class=\"elementor-row\">\n\t\t\t\t\t<div class=\"elementor-column elementor-col-100 elementor-top-column elementor-element elementor-element-fa23478\" data-id=\"fa23478\" data-element_type=\"column\">\n\t\t\t<div class=\"elementor-column-wrap elementor-element-populated\">\n\t\t\t\t\t\t\t<div class=\"elementor-widget-wrap\">\n\t\t\t\t\t\t<div class=\"elementor-element elementor-element-fdf0b8b elementor-widget elementor-widget-text-editor\" data-id=\"fdf0b8b\" data-element_type=\"widget\" data-widget_type=\"text-editor.default\">\n\t\t\t\t<div class=\"elementor-widget-container\">\n\t\t\t\t\t<div class=\"elementor-text-editor elementor-clearfix\"><p style=\"text-align: center;\"><div class=\"row\"><div class=\"wpv-grid grid-1-1  wpv-first-level first unextended animation-from-bottom animated-active\" style=\"padding-top:0px;padding-bottom:0px\" id=\"wpv-column-9852a15cfc9cd2bde75db9af172d3086\" ><\/p><p style=\"text-align: center;\">Unser Unternehmen sucht aktiv nach geeigneten Investitionsm\u00f6glichkeiten zur Umsetzung von Eigeninvestitionen, und dies vor allem in den Bereichen Immobilien und Start-up-Projekte.<\/p><p style=\"text-align: center;\">Gerne bewerten wir Ihre Investitionsgelegenheiten. Wir sind bereit, Eigenkapitalinvestitionen auch in attraktive notleidende Aktiva zu realisieren. Wir setzen die Projekte sowohl g\u00e4nzlich aus unseren eigenen Quellen als auch unter Verwendung einer Bankfinanzierung oder Kooperation mit Partnerinvestoren um.<\/p><p style=\"text-align: center;\">Schicken Sie uns eine kurze Vorstellung Ihres Projektes. Wir werden dieses gerne bewerten und Ihnen dann ein Feedback zukommen lassen.<\/p><p style=\"text-align: center;\"><\/div><\/div><\/p><\/div>\n\t\t\t\t<\/div>\n\t\t\t\t<\/div>\n\t\t\t\t\t\t<\/div>\n\t\t\t\t\t<\/div>\n\t\t<\/div>\n\t\t\t\t\t\t\t\t<\/div>\n\t\t\t\t\t<\/div>\n\t\t<\/section>\n\t\t\t\t<section class=\"elementor-section elementor-top-section elementor-element elementor-element-02ca957 elementor-section-boxed elementor-section-height-default elementor-section-height-default\" data-id=\"02ca957\" data-element_type=\"section\">\n\t\t\t\t\t\t<div class=\"elementor-container elementor-column-gap-default\">\n\t\t\t\t\t\t\t<div class=\"elementor-row\">\n\t\t\t\t\t<div class=\"elementor-column elementor-col-100 elementor-top-column elementor-element elementor-element-39893af\" data-id=\"39893af\" data-element_type=\"column\">\n\t\t\t<div class=\"elementor-column-wrap\">\n\t\t\t\t\t\t\t<div class=\"elementor-widget-wrap\">\n\t\t\t\t\t\t\t\t<\/div>\n\t\t\t\t\t<\/div>\n\t\t<\/div>\n\t\t\t\t\t\t\t\t<\/div>\n\t\t\t\t\t<\/div>\n\t\t<\/section>\n\t\t\t\t<section class=\"elementor-section elementor-top-section elementor-element elementor-element-18d7ec4 elementor-section-boxed elementor-section-height-default elementor-section-height-default\" data-id=\"18d7ec4\" data-element_type=\"section\">\n\t\t\t\t\t\t<div class=\"elementor-container elementor-column-gap-default\">\n\t\t\t\t\t\t\t<div class=\"elementor-row\">\n\t\t\t\t\t<div class=\"elementor-column elementor-col-100 elementor-top-column elementor-element elementor-element-29da541\" data-id=\"29da541\" data-element_type=\"column\">\n\t\t\t<div class=\"elementor-column-wrap elementor-element-populated\">\n\t\t\t\t\t\t\t<div class=\"elementor-widget-wrap\">\n\t\t\t\t\t\t<div class=\"elementor-element elementor-element-7f8bd09 elementor-widget elementor-widget-text-editor\" data-id=\"7f8bd09\" data-element_type=\"widget\" data-widget_type=\"text-editor.default\">\n\t\t\t\t<div class=\"elementor-widget-container\">\n\t\t\t\t\t<div class=\"elementor-text-editor elementor-clearfix\">\t\t<h2 class=\"text-divider-double\">\t\t\t\n\nSTELLEN SIE UNS IHR PROJEKT VOR\n\n\t\t<\/h2>\t\t<div class=\"sep\"><\/div>\t\n<div class=\"row\"><div class=\"wpv-grid grid-1-1  first unextended\" style=\"padding-top:0px;padding-bottom:0px\" id=\"wpv-column-e5a3acd98f1518494bfd7c053cf35146\" ><div role=\"form\" class=\"wpcf7\" id=\"wpcf7-f9392-o1\" lang=\"en-US\" dir=\"ltr\">\n<div class=\"screen-reader-response\"><p role=\"status\" aria-live=\"polite\" aria-atomic=\"true\"><\/p> <ul><\/ul><\/div>\n<form action=\"\/de\/wp-json\/wp\/v2\/pages\/12151#wpcf7-f9392-o1\" method=\"post\" class=\"wpcf7-form init\" novalidate=\"novalidate\" data-status=\"init\" data-trp-original-action=\"\/de\/wp-json\/wp\/v2\/pages\/12151#wpcf7-f9392-o1\">\n<div style=\"display: none;\">\n<input type=\"hidden\" name=\"_wpcf7\" value=\"9392\" \/>\n<input type=\"hidden\" name=\"_wpcf7_version\" value=\"5.4\" \/>\n<input type=\"hidden\" name=\"_wpcf7_locale\" value=\"en_US\" \/>\n<input type=\"hidden\" name=\"_wpcf7_unit_tag\" value=\"wpcf7-f9392-o1\" \/>\n<input type=\"hidden\" name=\"_wpcf7_container_post\" value=\"0\" \/>\n<input type=\"hidden\" name=\"_wpcf7_posted_data_hash\" value=\"\" \/>\n<\/div>\n<div class=\"vamtam-rsvp-form\">\n<div class=\"row\">\n<div class=\"grid-1-3\">\n\t\t\t<span class=\"wpcf7-form-control-wrap your-name\"><input type=\"text\" name=\"your-name\" value=\"\" size=\"40\" class=\"wpcf7-form-control wpcf7-text wpcf7-validates-as-required\" id=\"your-name\" aria-required=\"true\" aria-invalid=\"false\" placeholder=\"Vor- und Nachname\" \/><\/span>\n\t\t<\/div>\n<div class=\"grid-1-3\">\n\t\t\t<span class=\"wpcf7-form-control-wrap Phone\"><input type=\"text\" name=\"Phone\" value=\"\" size=\"40\" class=\"wpcf7-form-control wpcf7-text wpcf7-validates-as-required\" id=\"Phone\" aria-required=\"true\" aria-invalid=\"false\" placeholder=\"Telefon\" \/><\/span>\n\t\t<\/div>\n<div class=\"grid-1-3\">\n\t\t\t<span class=\"wpcf7-form-control-wrap email\"><input type=\"text\" name=\"email\" value=\"\" size=\"40\" class=\"wpcf7-form-control wpcf7-text wpcf7-validates-as-required\" id=\"email\" aria-required=\"true\" aria-invalid=\"false\" placeholder=\"E-Mailadresse\" \/><\/span>\n\t\t<\/div>\n<div class=\"grid-1-1\">\n\t\t\t<span class=\"wpcf7-form-control-wrap our-message\"><textarea name=\"our-message\" cols=\"40\" rows=\"5\" class=\"wpcf7-form-control wpcf7-textarea wpcf7-validates-as-required\" id=\"message\" aria-required=\"true\" aria-invalid=\"false\" placeholder=\"Ihre Nachricht\"><\/textarea><\/span>\n\t\t<\/div>\n<\/div>\n<div style= \"text-align: center;\"><input type=\"submit\" value=\"ABSCHICKEN \u2192\" class=\"wpcf7-form-control wpcf7-submit\" \/><\/div>\n<\/div>\n<div class=\"wpcf7-response-output\" aria-hidden=\"true\"><\/div><input type=\"hidden\" name=\"trp-form-language\" value=\"de\"\/><\/form><\/div><\/div><\/div><\/div>\n\t\t\t\t<\/div>\n\t\t\t\t<\/div>\n\t\t\t\t\t\t<\/div>\n\t\t\t\t\t<\/div>\n\t\t<\/div>\n\t\t\t\t\t\t\t\t<\/div>\n\t\t\t\t\t<\/div>\n\t\t<\/section>\n\t\t\t\t<section class=\"elementor-section elementor-top-section elementor-element elementor-element-f799c54 elementor-section-boxed elementor-section-height-default elementor-section-height-default\" data-id=\"f799c54\" data-element_type=\"section\">\n\t\t\t\t\t\t<div class=\"elementor-container elementor-column-gap-default\">\n\t\t\t\t\t\t\t<div class=\"elementor-row\">\n\t\t\t\t\t<div class=\"elementor-column elementor-col-100 elementor-top-column elementor-element elementor-element-6deda92\" data-id=\"6deda92\" data-element_type=\"column\">\n\t\t\t<div class=\"elementor-column-wrap elementor-element-populated\">\n\t\t\t\t\t\t\t<div class=\"elementor-widget-wrap\">\n\t\t\t\t\t\t<div class=\"elementor-element elementor-element-2b4e436 elementor-widget elementor-widget-spacer\" data-id=\"2b4e436\" data-element_type=\"widget\" data-widget_type=\"spacer.default\">\n\t\t\t\t<div class=\"elementor-widget-container\">\n\t\t\t\t\t<div class=\"elementor-spacer\">\n\t\t\t<div class=\"elementor-spacer-inner\"><\/div>\n\t\t<\/div>\n\t\t\t\t<\/div>\n\t\t\t\t<\/div>\n\t\t\t\t\t\t<\/div>\n\t\t\t\t\t<\/div>\n\t\t<\/div>\n\t\t\t\t\t\t\t\t<\/div>\n\t\t\t\t\t<\/div>\n\t\t<\/section>\n\t\t\t\t\t\t<\/div>\n\t\t\t\t\t\t<\/div>\n\t\t\t\t\t<\/div>","protected":false},"excerpt":{"rendered":"<p>Na\u0161e spole\u010dnost aktivn\u011b vyhled\u00e1v\u00e1 vhodn\u00e9 investi\u010dn\u00ed p\u0159\u00edle\u017eitost pro realizaci vlastn\u00edch investic, a to p\u0159edev\u0161\u00edm v oblasti nemovitost\u00ed a start up projekt\u016f. R\u00e1di vyhodnot\u00edme Va\u0161i investi\u010dn\u00ed p\u0159\u00edle\u017eitost. Jsme p\u0159ipraveni realizovat investice vlastn\u00edho kapit\u00e1lu i do atraktivn\u00edch distressov\u00fdch aktiv. Projekty realizujeme jak pln\u011b ze sv\u00fdch vlastn\u00edch zdroj\u016f, tak za vyu\u017eit\u00ed bankovn\u00edho financov\u00e1n\u00ed \u010di kooperace s partnersk\u00fdmi investory&#8230;.<\/p>","protected":false},"author":1,"featured_media":0,"parent":0,"menu_order":0,"comment_status":"closed","ping_status":"closed","template":"elementor_header_footer","meta":[],"_links":{"self":[{"href":"http:\/\/hronekpartners.cz\/de\/wp-json\/wp\/v2\/pages\/12151"}],"collection":[{"href":"http:\/\/hronekpartners.cz\/de\/wp-json\/wp\/v2\/pages"}],"about":[{"href":"http:\/\/hronekpartners.cz\/de\/wp-json\/wp\/v2\/types\/page"}],"author":[{"embeddable":true,"href":"http:\/\/hronekpartners.cz\/de\/wp-json\/wp\/v2\/users\/1"}],"replies":[{"embeddable":true,"href":"http:\/\/hronekpartners.cz\/de\/wp-json\/wp\/v2\/comments?post=12151"}],"version-history":[{"count":23,"href":"http:\/\/hronekpartners.cz\/de\/wp-json\/wp\/v2\/pages\/12151\/revisions"}],"predecessor-version":[{"id":12725,"href":"http:\/\/hronekpartners.cz\/de\/wp-json\/wp\/v2\/pages\/12151\/revisions\/12725"}],"wp:attachment":[{"href":"http:\/\/hronekpartners.cz\/de\/wp-json\/wp\/v2\/media?parent=12151"}],"curies":[{"name":"wp","href":"https:\/\/api.w.org\/{rel}","templated":true}]}}