{"id":11779,"date":"2013-03-15T12:36:27","date_gmt":"2013-03-15T12:36:27","guid":{"rendered":"http:\/\/lawyers-attorneys.vamtam.com\/?page_id=4"},"modified":"2025-01-06T23:50:09","modified_gmt":"2025-01-06T22:50:09","slug":"home","status":"publish","type":"page","link":"http:\/\/hronekpartners.cz\/de\/","title":{"rendered":"Home"},"content":{"rendered":"<div data-elementor-type=\"wp-page\" data-elementor-id=\"11779\" class=\"elementor elementor-11779\" data-elementor-settings=\"[]\">\n\t\t\t\t\t\t<div class=\"elementor-inner\">\n\t\t\t\t\t\t\t<div class=\"elementor-section-wrap\">\n\t\t\t\t\t\t\t<section class=\"elementor-section elementor-top-section elementor-element elementor-element-0956c88 elementor-section-boxed elementor-section-height-default elementor-section-height-default\" data-id=\"0956c88\" data-element_type=\"section\">\n\t\t\t\t\t\t<div class=\"elementor-container elementor-column-gap-default\">\n\t\t\t\t\t\t\t<div class=\"elementor-row\">\n\t\t\t\t\t<div class=\"elementor-column elementor-col-100 elementor-top-column elementor-element elementor-element-ad7566f\" data-id=\"ad7566f\" data-element_type=\"column\">\n\t\t\t<div class=\"elementor-column-wrap elementor-element-populated\">\n\t\t\t\t\t\t\t<div class=\"elementor-widget-wrap\">\n\t\t\t\t\t\t<div class=\"elementor-element elementor-element-dfee31b elementor-widget elementor-widget-text-editor\" data-id=\"dfee31b\" data-element_type=\"widget\" data-widget_type=\"text-editor.default\">\n\t\t\t\t<div class=\"elementor-widget-container\">\n\t\t\t\t\t<div class=\"elementor-text-editor elementor-clearfix\"><p><div class=\"row\"><div class=\"wpv-grid grid-1-1 move-into-slider add-border wpv-first-level first has-background unextended\" style=\"background-color:#ffffff;padding-top:20px;padding-bottom:20px\" id=\"intro\" ><style>#intro p,#intro em,#intro .column-title,#intro .sep-text h2.regular-title-wrapper,#intro .text-divider-double,#intro .sep-text .sep-text-line,#intro .sep,#intro .sep-2,#intro .sep-3,#intro td,#intro th,#intro caption{color:#808080;}#intro:before{background-color:transparent;}<\/style><span style=\"font-size: 14px; font-style: normal; font-variant-ligatures: normal; font-variant-caps: normal; font-weight: normal;\"><div class=\"row\"><div class=\"wpv-grid grid-1-4  first unextended animation-from-bottom animated-active\" style=\"padding-top:0px;padding-bottom:0px\" id=\"wpv-column-82d1ac297dbebb118518009a6b31fba5\" ><\/span><span style=\"font-size: 14px; font-style: normal; font-variant-ligatures: normal; font-variant-caps: normal; font-weight: normal;\"><div class=\"row\"><div class=\"wpv-grid grid-1-1  first unextended\" style=\"padding-top:0px;padding-bottom:0px\" id=\"wpv-column-4532f821644c4671657af3dd877d6cf4\" ><\/span><\/p>\n<p><div class=\"wpv-progress number\" data-number=\"7\" style=\"color:#4A4F55\"><span id=\"number-crop\">0<\/span> jazyk\u016f<\/div><\/p>\n<h5 style=\"text-align: center;\">UM\u00cd N\u00c1\u0160 T\u00ddM<\/h5>\n<p><\/div><\/div><\/p>\n<p><\/div><\/p>\n<p><div class=\"wpv-grid grid-1-4  unextended left-border animation-from-bottom animated-active\" style=\"padding-top:0px;padding-bottom:0px\" id=\"wpv-column-069f99ac8de83c54923fc991d1d0ae7b\" ><style>#wpv-column-069f99ac8de83c54923fc991d1d0ae7b:before{background-color:#d8d8d8;}<\/style><\/p>\n<p><div class=\"row\"><div class=\"wpv-grid grid-1-1  first unextended\" style=\"padding-top:0px;padding-bottom:0px\" id=\"wpv-column-1b6281ca976264fdb1c9103a89a72598\" ><\/p>\n<p><div class=\"wpv-progress number\" data-number=\"47\" style=\"color:#4A4F55\"><span id=\"number-crop\">0<\/span> L\u00e4nder<\/div><\/p>\n<h5 style=\"text-align: center;\">AUF DER GANZEN WELT<\/h5>\n<p><\/div><\/div><\/p>\n<p><\/div><\/p>\n<p><div class=\"wpv-grid grid-1-4  unextended left-border animation-from-bottom animated-active\" style=\"padding-top:0px;padding-bottom:0px\" id=\"wpv-column-d7908296f0ba5d77b128c055cf73b6c5\" ><style>#wpv-column-d7908296f0ba5d77b128c055cf73b6c5:before{background-color:#d8d8d8;}<\/style><\/p>\n<p><div class=\"row\"><div class=\"wpv-grid grid-1-1  first unextended\" style=\"padding-top:0px;padding-bottom:0px\" id=\"wpv-column-766b76298206ac790b45bee8fa192b1a\" ><\/p>\n<p><\/div><\/div><\/p>\n<p><div class=\"row\"><div class=\"wpv-grid grid-1-1  first unextended\" style=\"padding-top:0px;padding-bottom:0px\" id=\"wpv-column-a06d01b9169735912af6425a32a1686f\" ><\/p>\n<p><div class=\"wpv-progress number\" data-number=\"9\" style=\"color:#4A4F55\"><span id=\"number-crop\">0<\/span> Jahre<\/div><\/p>\n<h5 style=\"text-align: center;\">AUF DEM MARKT<\/h5>\n<p><\/div><\/div><\/p>\n<p><\/div><\/p>\n<p><div class=\"wpv-grid grid-1-4  unextended left-border animation-from-bottom animated-active\" style=\"padding-top:0px;padding-bottom:0px\" id=\"wpv-column-d4f6c9eb321f13e12eb9f620605f762a\" ><style>#wpv-column-d4f6c9eb321f13e12eb9f620605f762a:before{background-color:#d8d8d8;}<\/style><\/p>\n<p><div class=\"row\"><div class=\"wpv-grid grid-1-1  first unextended\" style=\"padding-top:0px;padding-bottom:0px\" id=\"wpv-column-058cc7e0491e6b361586d49267a5872b\" ><\/p>\n<p><div class=\"wpv-progress number\" data-number=\"10080\" style=\"color:#4A4F55\"><span id=\"number-crop\">0<\/span> Minuten<\/div><\/p>\n<h5 style=\"text-align: center;\">W\u00d6CHENTLICH SIND WIR F\u00dcR SIE DA<\/h5>\n<p><\/div><\/div><\/p>\n<p><\/div><\/div><\/p>\n<p><\/div><\/div><\/p>\n<p><div class=\"push\" style='height:50px'><\/div><\/p>\n<p><div class=\"row\"><div class=\"wpv-grid grid-1-4  wpv-first-level first unextended animation-from-bottom animated-active\" style=\"padding-top:0px;padding-bottom:0px\" id=\"wpv-column-ef1e4b048da440983165d023d33a65bb\" ><\/p>\n<p><div class=\"row\"><div class=\"wpv-grid grid-1-1  first unextended\" style=\"padding-top:0px;padding-bottom:0px\" id=\"wpv-column-703d3bd480f03a05b9b54ff973763404\" ><\/p>\n<p><div class=\"services clearfix fullimage no-image has-icon has-button\" style=\"text-align:left;\">\r\n\t<div class=\"services-inside\">\r\n\t\t\t\t\t\t\t\t\t<div class=\"thumbnail\">\r\n\t\t\t\t\t\t\t\t\t\t\t<a href=\"http:\/\/hronekpartners.cz\/de\/poradenstvi\/\" title=\"Immobilien\" class=\"\">\r\n\t\t\t\t\t\t\t\t\t\t\t\t\t\t\t\t\t\t<span class='icon shortcode   use-hover' style='font-size:62px !important;color:#CCA876;'>&#57351;<\/span>\t\t\t\t\t\t\t\t\t\t\t\t\t\t\t\t\t<\/a>\r\n\t\t\t\t\t\t\t\t\t<\/div>\r\n\t\t\t\t\t\t\t\t\t<div class=\"sep-2\"><\/div>\r\n\t\t\t\t\t\t\t\t\t\t\t\t\t\t<h4 class=\"services-title\">\r\n\t\t\t\t\t\t\t\t\t<a href=\"http:\/\/hronekpartners.cz\/de\/poradenstvi\/\" title=\"Immobilien\">Immobilien<\/a>\r\n\t\t\t\t\t\t\t<\/h4>\r\n\t\t\t\t\t\t\t<div class=\"services-content\"><\/p>\n<p>Die komplexe Angebotspalette an Fachdienstleistungen macht uns zu einem Leader im Bereich modernes Consulting in Bezug auf Immobilienprojekte.<\/p>\n<p><\/div>\r\n\t\t\t\t\t\t\t<div class=\"services-button-wrap\">\r\n\t\t\t\t<a href=\"http:\/\/hronekpartners.cz\/de\/poradenstvi\/\"><span class=\"btext\">Mehr anzeigen \u2192<\/span><\/a>\r\n\t\t\t<\/div>\r\n\t\t\t<\/div>\r\n<\/div>\r\n<\/p>\n<p><\/div><\/div><\/p>\n<p><\/div><\/p>\n<p><div class=\"wpv-grid grid-1-4  wpv-first-level unextended animation-from-bottom animated-active\" style=\"padding-top:0px;padding-bottom:0px\" id=\"wpv-column-863fa400ec83f71648b2e3e02ac25ef1\" ><\/p>\n<p><div class=\"row\"><div class=\"wpv-grid grid-1-1  first unextended\" style=\"padding-top:0px;padding-bottom:0px\" id=\"wpv-column-9765cbdab5449b47fb40229355a4b66b\" ><\/p>\n<p><div class=\"services clearfix fullimage has-image has-icon has-button\" style=\"text-align:left;\">\r\n\t<div class=\"services-inside\">\r\n\t\t\t\t\t\t\t\t\t<div class=\"thumbnail\">\r\n\t\t\t\t\t\t\t\t\t\t\t<a href=\"http:\/\/hronekpartners.cz\/de\/poradenstvi\/\" title=\"Fusionen und Akquisitionen\" class=\"has-border\">\r\n\t\t\t\t\t\t\t\t\t\t\t\t\t\t\t\t\t\t<img width=\"45\" height=\"55\" src=\"https:\/\/hronekpartners.cz\/wp-content\/uploads\/2021\/02\/fuze_a_akvizice-1.png\" class=\"attachment-full size-full\" alt=\"\" loading=\"lazy\" \/>\t\t\t\t\t\t\t\t\t\t\t\t\t\t\t\t\t<\/a>\r\n\t\t\t\t\t\t\t\t\t<\/div>\r\n\t\t\t\t\t\t\t\t\t<div class=\"sep-2\"><\/div>\r\n\t\t\t\t\t\t\t\t\t\t\t\t\t\t<h4 class=\"services-title\">\r\n\t\t\t\t\t\t\t\t\t<a href=\"http:\/\/hronekpartners.cz\/de\/poradenstvi\/\" title=\"Fusionen und Akquisitionen\">Fusionen und Akquisitionen<\/a>\r\n\t\t\t\t\t\t\t<\/h4>\r\n\t\t\t\t\t\t\t<div class=\"services-content\"><\/p>\n<p>Wir schaffen und verhandeln beim Verkauf oder Kauf eines Unternehmens die g\u00fcnstigsten Bedingungen aus, wobei wir stets die Minimierung aller m\u00f6glichen Risiken im Auge behalten.<\/p>\n<p><\/div>\r\n\t\t\t\t\t\t\t<div class=\"services-button-wrap\">\r\n\t\t\t\t<a href=\"http:\/\/hronekpartners.cz\/de\/poradenstvi\/\"><span class=\"btext\">Mehr anzeigen \u2192<\/span><\/a>\r\n\t\t\t<\/div>\r\n\t\t\t<\/div>\r\n<\/div>\r\n<\/p>\n<p><\/div><\/div><\/p>\n<p><\/div><\/p>\n<p><div class=\"wpv-grid grid-1-4  wpv-first-level unextended animation-from-bottom animated-active\" style=\"padding-top:0px;padding-bottom:0px\" id=\"wpv-column-1cee3a467af7b7365839503efa392370\" ><\/p>\n<p><div class=\"row\"><div class=\"wpv-grid grid-1-1  first unextended\" style=\"padding-top:0px;padding-bottom:0px\" id=\"wpv-column-9944871142f09c44cf2f2ac462f1b4bc\" ><\/p>\n<p><div class=\"services clearfix fullimage has-image has-icon has-button\" style=\"text-align:left;\">\r\n\t<div class=\"services-inside\">\r\n\t\t\t\t\t\t\t\t\t<div class=\"thumbnail\">\r\n\t\t\t\t\t\t\t\t\t\t\t<a href=\"http:\/\/hronekpartners.cz\/de\/poradenstvi\/\" title=\"Projektfinanzierung\" class=\"has-border\">\r\n\t\t\t\t\t\t\t\t\t\t\t\t\t\t\t\t\t\t<img src=\"\/ikonky\/financovani.png\" alt=\"\" \/>\t\t\t\t\t\t\t\t\t\t\t\t\t\t\t\t\t<\/a>\r\n\t\t\t\t\t\t\t\t\t<\/div>\r\n\t\t\t\t\t\t\t\t\t<div class=\"sep-2\"><\/div>\r\n\t\t\t\t\t\t\t\t\t\t\t\t\t\t<h4 class=\"services-title\">\r\n\t\t\t\t\t\t\t\t\t<a href=\"http:\/\/hronekpartners.cz\/de\/poradenstvi\/\" title=\"Projektfinanzierung\">Projektfinanzierung<\/a>\r\n\t\t\t\t\t\t\t<\/h4>\r\n\t\t\t\t\t\t\t<div class=\"services-content\"><\/p>\n<p>Aufgrund der detaillierten Kenntnis einer Reihe von Finanzinstrumenten stellen wir f\u00fcr Sie die g\u00fcnstigste Finanzierung eines jedweden Projekttyps sicher.<\/p>\n<p><\/div>\r\n\t\t\t\t\t\t\t<div class=\"services-button-wrap\">\r\n\t\t\t\t<a href=\"http:\/\/hronekpartners.cz\/de\/poradenstvi\/\"><span class=\"btext\">Mehr anzeigen \u2192<\/span><\/a>\r\n\t\t\t<\/div>\r\n\t\t\t<\/div>\r\n<\/div>\r\n<\/p>\n<p><\/div><\/div><\/p>\n<p><\/div><\/p>\n<p><div class=\"wpv-grid grid-1-4  wpv-first-level unextended animation-from-bottom animated-active\" style=\"padding-top:0px;padding-bottom:0px\" id=\"wpv-column-6ecc147ef0adeb10c0cc79bec4423f4b\" ><\/p>\n<p><div class=\"row\"><div class=\"wpv-grid grid-1-1  first unextended\" style=\"padding-top:0px;padding-bottom:0px\" id=\"wpv-column-28aa0b7800957864cd6e53cbc51da995\" ><\/p>\n<p><div class=\"services clearfix fullimage has-image has-icon has-button\" style=\"text-align:left;\">\r\n\t<div class=\"services-inside\">\r\n\t\t\t\t\t\t\t\t\t<div class=\"thumbnail\">\r\n\t\t\t\t\t\t\t\t\t\t\t<a href=\"http:\/\/hronekpartners.cz\/de\/vlastni-investice\/\" title=\"Eigeninvestitionen\" class=\"has-border\">\r\n\t\t\t\t\t\t\t\t\t\t\t\t\t\t\t\t\t\t<img src=\"http:\/\/www.hronekpartners.cz\/ikonky\/statistiky.png\" alt=\"\" \/>\t\t\t\t\t\t\t\t\t\t\t\t\t\t\t\t\t<\/a>\r\n\t\t\t\t\t\t\t\t\t<\/div>\r\n\t\t\t\t\t\t\t\t\t<div class=\"sep-2\"><\/div>\r\n\t\t\t\t\t\t\t\t\t\t\t\t\t\t<h4 class=\"services-title\">\r\n\t\t\t\t\t\t\t\t\t<a href=\"http:\/\/hronekpartners.cz\/de\/vlastni-investice\/\" title=\"Eigeninvestitionen\">Eigeninvestitionen<\/a>\r\n\t\t\t\t\t\t\t<\/h4>\r\n\t\t\t\t\t\t\t<div class=\"services-content\"><\/p>\n<p>Unser Unternehmen bereitet mehrere Eigeninvestitionsprojekte vor und sucht aktiv geeignete Investitionsm\u00f6glichkeiten f\u00fcr weitere Eigeninvestitionen.<br><\/div>\r\n\t\t\t\t\t\t\t<div class=\"services-button-wrap\">\r\n\t\t\t\t<a href=\"http:\/\/hronekpartners.cz\/de\/vlastni-investice\/\"><span class=\"btext\">Mehr anzeigen \u2192<\/span><\/a>\r\n\t\t\t<\/div>\r\n\t\t\t<\/div>\r\n<\/div>\r\n<\/p>\n<p><\/div><\/div><\/p>\n<p><\/div><\/div><\/p>\n<p><div class=\"push\" style='height:50px'><\/div><\/p>\n<p><div class=\"row\"><div class=\"wpv-grid grid-1-1  wpv-first-level first unextended animation-fade-in animated-active\" style=\"padding-top:0px;padding-bottom:0px\" id=\"wpv-column-2dfac3c192428a03ab3899c92c8413f4\" ><\/p>\n<div>\n<div id=\"o-nas\">&nbsp;<\/div>\n<p>\t\t<h2 class=\"text-divider-double\">\t\t\tWER WIR SIND\n\t\t<\/h2>\t\t<div class=\"sep\"><\/div>\t<\/p>\n<p><\/div><\/div><\/p>\n<p><div class=\"row\"><div class=\"wpv-grid grid-1-1  wpv-first-level first unextended animation-from-bottom animated-active\" style=\"padding-top:0px;padding-bottom:0px\" id=\"wpv-column-5b8974b9aee5ccb4292d1bec1a61dfef\" ><\/p>\n<blockquote style=\"text-align: center;\">\n<p>\u201cDie Zukunft geh\u00f6rt jenen, die Gelegenheiten fr\u00fcher als andere sehen.\u201d<\/p>\n<div><a href=\"#\">prof. Theodore Levitt (1925-2006)<\/a><\/div>\n<\/blockquote>\n<\/div>\n<p style=\"text-align: center;\">Das Unternehmen Hronek & partners ist eine Transaktionsberatungs- und Investitionsgesellschaft. Das junge dynamisch denkende Kanzleiteam h\u00e4lt neue L\u00f6sungen und innovative Transaktionsstrukturen bereit, die die besten Bedingungen und das Erzielen der h\u00f6chsten Gewinne f\u00fcr unsere Klienten gew\u00e4hrleisten. Bei unserer Arbeit greifen wir zudem auf die Zusammenarbeit mit renommierten Experten mit umfangreichenden Erfahrungen im betreffenden Marktbereich zur\u00fcck.<\/p>\n<p><\/div><\/div><\/p>\n<p><div class=\"push\" style='height:40px'><\/div><\/p>\n<p><div class=\"row\"><div class=\"wpv-grid grid-1-1  wpv-first-level first unextended animation-fade-in animated-active\" style=\"padding-top:0px;padding-bottom:0px\" id=\"wpv-column-5485e28bfa3721a2316350afc0e586e3\" ><\/p>\n<div>\n<div id=\"podporujeme\">&nbsp;<\/div>\n<p>\t\t<h2 class=\"text-divider-double\">\t\t\t\nWIR UNTERST\u00dcTZEN\n\t\t<\/h2>\t\t<div class=\"sep\"><\/div>\t<\/p>\n<p><\/div><\/div><\/p>\n<p><div class=\"row\"><div class=\"wpv-grid grid-1-1  wpv-first-level first unextended animation-from-bottom animated-active\" style=\"padding-top:0px;padding-bottom:0px\" id=\"wpv-column-f3c7704ba77874f452bce6c171341f6a\" ><\/div><\/div><\/p>\n<p style=\"text-align: center;\">Wir sind f\u00fcr das uns erwiesene Vertrauen unserer Klienten sehr dankbar, denn dies versetzt uns in die Lage, eine Reihe von gemeinn\u00fctzigen Aktivit\u00e4ten zu unterst\u00fctzen. Non-Profit-Organisationen werden von uns sowohl in Form direkter Finanzhilfen als auch durch die Bereitstellung unentgeltlicher Dienstleistungen unserer Kanzlei unterst\u00fctzt. Damit die Spenden zweckm\u00e4\u00dfig Verwendet werden arbeiten wir mit sorgf\u00e4ltig ausgew\u00e4hlten Non-Profit-Organisationen zusammen.<\/p>\n<p style=\"text-align: center;\">Es ist uns eine Freude, dank Ihnen folgende Projekte unterst\u00fctzen zu k\u00f6nnen:<\/p>\n<\/div><\/div>\n\t\t\t\t<\/div>\n\t\t\t\t<\/div>\n\t\t\t\t\t\t<\/div>\n\t\t\t\t\t<\/div>\n\t\t<\/div>\n\t\t\t\t\t\t\t\t<\/div>\n\t\t\t\t\t<\/div>\n\t\t<\/section>\n\t\t\t\t<section class=\"elementor-section elementor-top-section elementor-element elementor-element-f7b2fd6 elementor-section-boxed elementor-section-height-default elementor-section-height-default\" data-id=\"f7b2fd6\" data-element_type=\"section\">\n\t\t\t\t\t\t<div class=\"elementor-container elementor-column-gap-default\">\n\t\t\t\t\t\t\t<div class=\"elementor-row\">\n\t\t\t\t\t<div class=\"elementor-column elementor-col-100 elementor-top-column elementor-element elementor-element-b1614a7\" data-id=\"b1614a7\" data-element_type=\"column\">\n\t\t\t<div class=\"elementor-column-wrap elementor-element-populated\">\n\t\t\t\t\t\t\t<div class=\"elementor-widget-wrap\">\n\t\t\t\t\t\t<div class=\"elementor-element elementor-element-3e3016f elementor-widget elementor-widget-spacer\" data-id=\"3e3016f\" data-element_type=\"widget\" data-widget_type=\"spacer.default\">\n\t\t\t\t<div class=\"elementor-widget-container\">\n\t\t\t\t\t<div class=\"elementor-spacer\">\n\t\t\t<div class=\"elementor-spacer-inner\"><\/div>\n\t\t<\/div>\n\t\t\t\t<\/div>\n\t\t\t\t<\/div>\n\t\t\t\t\t\t<\/div>\n\t\t\t\t\t<\/div>\n\t\t<\/div>\n\t\t\t\t\t\t\t\t<\/div>\n\t\t\t\t\t<\/div>\n\t\t<\/section>\n\t\t\t\t<section class=\"elementor-section elementor-top-section elementor-element elementor-element-38960a0 elementor-section-boxed elementor-section-height-default elementor-section-height-default\" data-id=\"38960a0\" data-element_type=\"section\">\n\t\t\t\t\t\t<div class=\"elementor-container elementor-column-gap-default\">\n\t\t\t\t\t\t\t<div class=\"elementor-row\">\n\t\t\t\t\t<div class=\"elementor-column elementor-col-100 elementor-top-column elementor-element elementor-element-c21262d\" data-id=\"c21262d\" data-element_type=\"column\">\n\t\t\t<div class=\"elementor-column-wrap elementor-element-populated\">\n\t\t\t\t\t\t\t<div class=\"elementor-widget-wrap\">\n\t\t\t\t\t\t<div class=\"elementor-element elementor-element-03f74f2 elementor-widget elementor-widget-text-editor\" data-id=\"03f74f2\" data-element_type=\"widget\" data-widget_type=\"text-editor.default\">\n\t\t\t\t<div class=\"elementor-widget-container\">\n\t\t\t\t\t<div class=\"elementor-text-editor elementor-clearfix\"><div class=\"logos-container\">\n<div class=\"logos\">\n  <div class=\"col\">\n    <img src=\"https:\/\/hronekpartners.cz\/wp-content\/uploads\/2021\/02\/mladi_diplomate.png\">\n  <\/div>\n  <div class=\"col\">\n    <img src=\"https:\/\/hronekpartners.cz\/wp-content\/uploads\/2021\/02\/nadace_transplantace_kostni_drene.jpg\">\n  <\/div>\n  <div class=\"col\">\n    <img src=\"https:\/\/hronekpartners.cz\/wp-content\/uploads\/2021\/02\/nadacni_fond_svetluska.jpg\">\n  <\/div> \n  <div class=\"col\">\n    <img src=\"https:\/\/hronekpartners.cz\/wp-content\/uploads\/2021\/02\/clovek_v_tisni.png\">\n  <\/div>\n  <div class=\"col\">\n    <img src=\"https:\/\/hronekpartners.cz\/wp-content\/uploads\/2021\/02\/dobry_andel.png\">\n  <\/div>\n  <div class=\"col\">  \n    <img src=\"https:\/\/hronekpartners.cz\/wp-content\/uploads\/2021\/03\/loono.png\">\n  <\/div>\n<\/div>\n<\/div><\/div>\n\t\t\t\t<\/div>\n\t\t\t\t<\/div>\n\t\t\t\t\t\t<\/div>\n\t\t\t\t\t<\/div>\n\t\t<\/div>\n\t\t\t\t\t\t\t\t<\/div>\n\t\t\t\t\t<\/div>\n\t\t<\/section>\n\t\t\t\t<section class=\"elementor-section elementor-top-section elementor-element elementor-element-7d89567 elementor-section-boxed elementor-section-height-default elementor-section-height-default\" data-id=\"7d89567\" data-element_type=\"section\">\n\t\t\t\t\t\t<div class=\"elementor-container elementor-column-gap-default\">\n\t\t\t\t\t\t\t<div class=\"elementor-row\">\n\t\t\t\t\t<div class=\"elementor-column elementor-col-100 elementor-top-column elementor-element elementor-element-f3a4aee\" data-id=\"f3a4aee\" data-element_type=\"column\">\n\t\t\t<div class=\"elementor-column-wrap elementor-element-populated\">\n\t\t\t\t\t\t\t<div class=\"elementor-widget-wrap\">\n\t\t\t\t\t\t<div class=\"elementor-element elementor-element-26cfd95 elementor-widget elementor-widget-text-editor\" data-id=\"26cfd95\" data-element_type=\"widget\" data-widget_type=\"text-editor.default\">\n\t\t\t\t<div class=\"elementor-widget-container\">\n\t\t\t\t\t<div class=\"elementor-text-editor elementor-clearfix\"><div class=\"push\" style='height:40px'><\/div>\n\n\t\t<h2 class=\"text-divider-double\">\t\t\t\n\nKONTAKTIEREN SIE UNS\n\n\t\t<\/h2>\t\t<div class=\"sep\"><\/div>\t\n\n<div class=\"row\"><div class=\"wpv-grid grid-1-1  first unextended\" style=\"padding-top:0px;padding-bottom:0px\" id=\"wpv-column-863aa96ad16b69689d8c2b379640f04e\" ><div class=\"push\" style='height:20px'><\/div><\/div><\/div>\n\n<div class=\"row\"><div class=\"wpv-grid grid-1-1  first unextended\" style=\"padding-top:0px;padding-bottom:0px\" id=\"wpv-column-8b987a953dcfdda83a0785795b380dda\" ><div role=\"form\" class=\"wpcf7\" id=\"wpcf7-f9392-o1\" lang=\"en-US\" dir=\"ltr\">\n<div class=\"screen-reader-response\"><p role=\"status\" aria-live=\"polite\" aria-atomic=\"true\"><\/p> <ul><\/ul><\/div>\n<form action=\"\/de\/wp-json\/wp\/v2\/pages\/11779#wpcf7-f9392-o1\" method=\"post\" class=\"wpcf7-form init\" novalidate=\"novalidate\" data-status=\"init\" data-trp-original-action=\"\/de\/wp-json\/wp\/v2\/pages\/11779#wpcf7-f9392-o1\">\n<div style=\"display: none;\">\n<input type=\"hidden\" name=\"_wpcf7\" value=\"9392\" \/>\n<input type=\"hidden\" name=\"_wpcf7_version\" value=\"5.4\" \/>\n<input type=\"hidden\" name=\"_wpcf7_locale\" value=\"en_US\" \/>\n<input type=\"hidden\" name=\"_wpcf7_unit_tag\" value=\"wpcf7-f9392-o1\" \/>\n<input type=\"hidden\" name=\"_wpcf7_container_post\" value=\"0\" \/>\n<input type=\"hidden\" name=\"_wpcf7_posted_data_hash\" value=\"\" \/>\n<\/div>\n<div class=\"vamtam-rsvp-form\">\n<div class=\"row\">\n<div class=\"grid-1-3\">\n\t\t\t<span class=\"wpcf7-form-control-wrap your-name\"><input type=\"text\" name=\"your-name\" value=\"\" size=\"40\" class=\"wpcf7-form-control wpcf7-text wpcf7-validates-as-required\" id=\"your-name\" aria-required=\"true\" aria-invalid=\"false\" placeholder=\"Vor- und Nachname\" \/><\/span>\n\t\t<\/div>\n<div class=\"grid-1-3\">\n\t\t\t<span class=\"wpcf7-form-control-wrap Phone\"><input type=\"text\" name=\"Phone\" value=\"\" size=\"40\" class=\"wpcf7-form-control wpcf7-text wpcf7-validates-as-required\" id=\"Phone\" aria-required=\"true\" aria-invalid=\"false\" placeholder=\"Telefon\" \/><\/span>\n\t\t<\/div>\n<div class=\"grid-1-3\">\n\t\t\t<span class=\"wpcf7-form-control-wrap email\"><input type=\"text\" name=\"email\" value=\"\" size=\"40\" class=\"wpcf7-form-control wpcf7-text wpcf7-validates-as-required\" id=\"email\" aria-required=\"true\" aria-invalid=\"false\" placeholder=\"E-Mailadresse\" \/><\/span>\n\t\t<\/div>\n<div class=\"grid-1-1\">\n\t\t\t<span class=\"wpcf7-form-control-wrap our-message\"><textarea name=\"our-message\" cols=\"40\" rows=\"5\" class=\"wpcf7-form-control wpcf7-textarea wpcf7-validates-as-required\" id=\"message\" aria-required=\"true\" aria-invalid=\"false\" placeholder=\"Ihre Nachricht\"><\/textarea><\/span>\n\t\t<\/div>\n<\/div>\n<div style= \"text-align: center;\"><input type=\"submit\" value=\"ABSCHICKEN \u2192\" class=\"wpcf7-form-control wpcf7-submit\" \/><\/div>\n<\/div>\n<div class=\"wpcf7-response-output\" aria-hidden=\"true\"><\/div><input type=\"hidden\" name=\"trp-form-language\" value=\"de\"\/><\/form><\/div><\/div><\/div><\/div>\n\t\t\t\t<\/div>\n\t\t\t\t<\/div>\n\t\t\t\t\t\t<\/div>\n\t\t\t\t\t<\/div>\n\t\t<\/div>\n\t\t\t\t\t\t\t\t<\/div>\n\t\t\t\t\t<\/div>\n\t\t<\/section>\n\t\t\t\t<section class=\"elementor-section elementor-top-section elementor-element elementor-element-3133f65 elementor-section-boxed elementor-section-height-default elementor-section-height-default\" data-id=\"3133f65\" data-element_type=\"section\">\n\t\t\t\t\t\t<div class=\"elementor-container elementor-column-gap-default\">\n\t\t\t\t\t\t\t<div class=\"elementor-row\">\n\t\t\t\t\t<div class=\"elementor-column elementor-col-100 elementor-top-column elementor-element elementor-element-06dfa3f\" data-id=\"06dfa3f\" data-element_type=\"column\">\n\t\t\t<div class=\"elementor-column-wrap elementor-element-populated\">\n\t\t\t\t\t\t\t<div class=\"elementor-widget-wrap\">\n\t\t\t\t\t\t<div class=\"elementor-element elementor-element-cdddf5f elementor-widget elementor-widget-spacer\" data-id=\"cdddf5f\" data-element_type=\"widget\" data-widget_type=\"spacer.default\">\n\t\t\t\t<div class=\"elementor-widget-container\">\n\t\t\t\t\t<div class=\"elementor-spacer\">\n\t\t\t<div class=\"elementor-spacer-inner\"><\/div>\n\t\t<\/div>\n\t\t\t\t<\/div>\n\t\t\t\t<\/div>\n\t\t\t\t\t\t<\/div>\n\t\t\t\t\t<\/div>\n\t\t<\/div>\n\t\t\t\t\t\t\t\t<\/div>\n\t\t\t\t\t<\/div>\n\t\t<\/section>\n\t\t\t\t\t\t<\/div>\n\t\t\t\t\t\t<\/div>\n\t\t\t\t\t<\/div>","protected":false},"excerpt":{"rendered":"<p>UM\u00cd N\u00c1\u0160 T\u00ddM PO CEL\u00c9M SV\u011aT\u011a NA TRHU T\u00ddDN\u011a JSME TU PRO V\u00c1S &nbsp; \u201cBudoucnost pat\u0159\u00ed lidem, kte\u0159\u00ed vid\u00ed p\u0159\u00edle\u017eitost p\u0159ed t\u00edm, ne\u017e ji vid\u00ed ostatn\u00ed.\u201d prof. Theodore Levitt (1925-2006) Spole\u010dnost Hronek &amp; partners je butikov\u00e1 transak\u010dn\u011b poradensk\u00e1 a investi\u010dn\u00ed spole\u010dnost. Mlad\u00fd dynamicky sm\u00fd\u0161lej\u00edc\u00ed t\u00fdm kancel\u00e1\u0159e p\u0159in\u00e1\u0161\u00ed nov\u00e1 \u0159e\u0161en\u00ed a inovativn\u00ed struktury transakc\u00ed zaji\u0161\u0165uj\u00edc\u00ed nejv\u00fdhodn\u011bj\u0161\u00ed&#8230;<\/p>","protected":false},"author":1,"featured_media":0,"parent":0,"menu_order":0,"comment_status":"closed","ping_status":"closed","template":"","meta":[],"_links":{"self":[{"href":"http:\/\/hronekpartners.cz\/de\/wp-json\/wp\/v2\/pages\/11779"}],"collection":[{"href":"http:\/\/hronekpartners.cz\/de\/wp-json\/wp\/v2\/pages"}],"about":[{"href":"http:\/\/hronekpartners.cz\/de\/wp-json\/wp\/v2\/types\/page"}],"author":[{"embeddable":true,"href":"http:\/\/hronekpartners.cz\/de\/wp-json\/wp\/v2\/users\/1"}],"replies":[{"embeddable":true,"href":"http:\/\/hronekpartners.cz\/de\/wp-json\/wp\/v2\/comments?post=11779"}],"version-history":[{"count":359,"href":"http:\/\/hronekpartners.cz\/de\/wp-json\/wp\/v2\/pages\/11779\/revisions"}],"predecessor-version":[{"id":12947,"href":"http:\/\/hronekpartners.cz\/de\/wp-json\/wp\/v2\/pages\/11779\/revisions\/12947"}],"wp:attachment":[{"href":"http:\/\/hronekpartners.cz\/de\/wp-json\/wp\/v2\/media?parent=11779"}],"curies":[{"name":"wp","href":"https:\/\/api.w.org\/{rel}","templated":true}]}}